{"id":1817,"date":"2023-04-01T22:17:21","date_gmt":"2023-04-01T20:17:21","guid":{"rendered":"https:\/\/adschool.hu\/?page_id=1817"},"modified":"2023-06-05T11:59:00","modified_gmt":"2023-06-05T09:59:00","slug":"gy-i-k","status":"publish","type":"page","link":"https:\/\/adschool.hu\/en\/gy-i-k\/","title":{"rendered":"GY I K"},"content":{"rendered":"<div data-elementor-type=\"wp-page\" data-elementor-id=\"1817\" class=\"elementor elementor-1817\" data-elementor-post-type=\"page\">\n\t\t\t\t\t\t<section class=\"elementor-section elementor-top-section elementor-element elementor-element-32d28de elementor-section-boxed elementor-section-height-default elementor-section-height-default\" data-id=\"32d28de\" data-element_type=\"section\" data-settings=\"{&quot;background_background&quot;:&quot;classic&quot;,&quot;jet_parallax_layout_list&quot;:[]}\">\n\t\t\t\t\t\t<div class=\"elementor-container elementor-column-gap-default\">\n\t\t\t\t\t<div class=\"elementor-column elementor-col-100 elementor-top-column elementor-element elementor-element-905e95c\" data-id=\"905e95c\" data-element_type=\"column\" data-settings=\"{&quot;background_background&quot;:&quot;classic&quot;}\">\n\t\t\t<div class=\"elementor-widget-wrap elementor-element-populated\">\n\t\t\t\t\t<div class=\"elementor-background-overlay\"><\/div>\n\t\t\t\t\t\t<section class=\"elementor-section elementor-inner-section elementor-element elementor-element-076a6f4 elementor-section-boxed elementor-section-height-default elementor-section-height-default\" data-id=\"076a6f4\" data-element_type=\"section\" data-settings=\"{&quot;jet_parallax_layout_list&quot;:[]}\">\n\t\t\t\t\t\t<div class=\"elementor-container elementor-column-gap-default\">\n\t\t\t\t\t<div class=\"elementor-column elementor-col-100 elementor-inner-column elementor-element elementor-element-e75d24e\" data-id=\"e75d24e\" data-element_type=\"column\">\n\t\t\t<div class=\"elementor-widget-wrap elementor-element-populated\">\n\t\t\t\t\t\t<div class=\"elementor-element elementor-element-be9dceb elementor-invisible elementor-widget elementor-widget-heading\" data-id=\"be9dceb\" data-element_type=\"widget\" data-settings=\"{&quot;_animation&quot;:&quot;fadeInUp&quot;}\" data-widget_type=\"heading.default\">\n\t\t\t\t<div class=\"elementor-widget-container\">\n\t\t\t\t\t<h1 class=\"elementor-heading-title elementor-size-default\">GY I K<\/h1>\t\t\t\t<\/div>\n\t\t\t\t<\/div>\n\t\t\t\t\t<\/div>\n\t\t<\/div>\n\t\t\t\t\t<\/div>\n\t\t<\/section>\n\t\t\t\t\t<\/div>\n\t\t<\/div>\n\t\t\t\t\t<\/div>\n\t\t<\/section>\n\t\t\t\t<section class=\"elementor-section elementor-top-section elementor-element elementor-element-0a7322c elementor-section-boxed elementor-section-height-default elementor-section-height-default\" data-id=\"0a7322c\" data-element_type=\"section\" data-settings=\"{&quot;background_background&quot;:&quot;classic&quot;,&quot;jet_parallax_layout_list&quot;:[]}\">\n\t\t\t\t\t\t<div class=\"elementor-container elementor-column-gap-default\">\n\t\t\t\t\t<div class=\"elementor-column elementor-col-100 elementor-top-column elementor-element elementor-element-3b2e17c\" data-id=\"3b2e17c\" data-element_type=\"column\">\n\t\t\t<div class=\"elementor-widget-wrap elementor-element-populated\">\n\t\t\t\t\t\t<div class=\"elementor-element elementor-element-67a0c6a elementor-widget elementor-widget-heading\" data-id=\"67a0c6a\" data-element_type=\"widget\" data-widget_type=\"heading.default\">\n\t\t\t\t<div class=\"elementor-widget-container\">\n\t\t\t\t\t<h2 class=\"elementor-heading-title elementor-size-default\">What kind of diploma you'll get?<\/h2>\t\t\t\t<\/div>\n\t\t\t\t<\/div>\n\t\t\t\t<div class=\"elementor-element elementor-element-86ed23b elementor-widget elementor-widget-text-editor\" data-id=\"86ed23b\" data-element_type=\"widget\" data-widget_type=\"text-editor.default\">\n\t\t\t\t<div class=\"elementor-widget-container\">\n\t\t\t\t\t\t\t\t\t<p>K\u00e9pz\u00e9seinket a Pannon Akad\u00e9mi\u00e1n kereszt\u00fcl szervezz\u00fck, \u00e1llamilag nyilv\u00e1ntart\u00e1sba vett, bejelentett k\u00e9pz\u00e9sekk\u00e9nt, melyek v\u00e9g\u00e9n Tan\u00fas\u00edtv\u00e1nyt adunk. A k\u00e9pz\u00e9s akkor a leghasznosabb a sz\u00e1modra, ha m\u00e1r van valamilyen diplom\u00e1d, szakmai gyakorlatod, \u00e9s szeretn\u00e9l fejl\u0151dni, tippeket kapni a napi munk\u00e1dhoz, esetleg \u00fczleti, b\u00f6lcs\u00e9sz vagy m\u0171v\u00e9szeti egyetemre j\u00e1rsz.<\/p><p>A Pannon Akad\u00e9mia nyilv\u00e1ntart\u00e1si sz\u00e1ma B\/2020\/001637, az enged\u00e9lysz\u00e1ma E\/2020\/000149.<\/p>\t\t\t\t\t\t\t\t<\/div>\n\t\t\t\t<\/div>\n\t\t\t\t<div class=\"elementor-element elementor-element-a3e9ce9 elementor-widget elementor-widget-heading\" data-id=\"a3e9ce9\" data-element_type=\"widget\" data-widget_type=\"heading.default\">\n\t\t\t\t<div class=\"elementor-widget-container\">\n\t\t\t\t\t<h2 class=\"elementor-heading-title elementor-size-default\">Employment opportunities after school\n<\/h2>\t\t\t\t<\/div>\n\t\t\t\t<\/div>\n\t\t\t\t<div class=\"elementor-element elementor-element-54ba322 elementor-widget elementor-widget-text-editor\" data-id=\"54ba322\" data-element_type=\"widget\" data-widget_type=\"text-editor.default\">\n\t\t\t\t<div class=\"elementor-widget-container\">\n\t\t\t\t\t\t\t\t\t<p>In a creative job, it's not your degree (it's good to have a degree) that counts, but your portfolio, i.e. your reference work. For a beginner, it's difficult because you don't have finished work. We fill this gap in our education, which means that you can put together a portfolio that will give you a better chance of getting a job than any other traditional education.<\/p><p>Check out the description of Portfolio Night, an international initiative where creative directors look at the work of junior directors and search for new faces. At this event, almost all of our students attended and the feedback we got was that it was clear who came to us because they had advertising work and the others didn't, they brought short stories, magazine articles etc. from which a creative director cannot judge how useful a candidate will be to the team (or just harder).<\/p>\t\t\t\t\t\t\t\t<\/div>\n\t\t\t\t<\/div>\n\t\t\t\t<div class=\"elementor-element elementor-element-90f3f3a elementor-widget elementor-widget-heading\" data-id=\"90f3f3a\" data-element_type=\"widget\" data-widget_type=\"heading.default\">\n\t\t\t\t<div class=\"elementor-widget-container\">\n\t\t\t\t\t<h2 class=\"elementor-heading-title elementor-size-default\">Payment in instalments\n<\/h2>\t\t\t\t<\/div>\n\t\t\t\t<\/div>\n\t\t\t\t<div class=\"elementor-element elementor-element-d33bcea elementor-widget elementor-widget-text-editor\" data-id=\"d33bcea\" data-element_type=\"widget\" data-widget_type=\"text-editor.default\">\n\t\t\t\t<div class=\"elementor-widget-container\">\n\t\t\t\t\t\t\t\t\t<p>Payment by instalments is possible.<\/p>\t\t\t\t\t\t\t\t<\/div>\n\t\t\t\t<\/div>\n\t\t\t\t\t<\/div>\n\t\t<\/div>\n\t\t\t\t\t<\/div>\n\t\t<\/section>\n\t\t\t\t<\/div>","protected":false},"excerpt":{"rendered":"<p>Milyen pap\u00edrt adunk? K\u00e9pz\u00e9seinket a Pannon Akad\u00e9mi\u00e1n kereszt\u00fcl szervezz\u00fck, \u00e1llamilag nyilv\u00e1ntart\u00e1sba vett, bejelentett k\u00e9pz\u00e9sekk\u00e9nt, melyek v\u00e9g\u00e9n Tan\u00fas\u00edtv\u00e1nyt adunk. A k\u00e9pz\u00e9s akkor a leghasznosabb a sz\u00e1modra, ha m\u00e1r van valamilyen diplom\u00e1d, szakmai gyakorlatod, \u00e9s szeretn\u00e9l fejl\u0151dni, tippeket kapni a napi munk\u00e1dhoz, esetleg \u00fczleti, b\u00f6lcs\u00e9sz vagy m\u0171v\u00e9szeti egyetemre j\u00e1rsz. A Pannon Akad\u00e9mia nyilv\u00e1ntart\u00e1si sz\u00e1ma B\/2020\/001637, az enged\u00e9lysz\u00e1ma [&hellip;]<\/p>","protected":false},"author":2,"featured_media":0,"parent":0,"menu_order":0,"comment_status":"closed","ping_status":"closed","template":"","meta":{"footnotes":""},"class_list":["post-1817","page","type-page","status-publish","hentry"],"_links":{"self":[{"href":"https:\/\/adschool.hu\/en\/wp-json\/wp\/v2\/pages\/1817","targetHints":{"allow":["GET"]}}],"collection":[{"href":"https:\/\/adschool.hu\/en\/wp-json\/wp\/v2\/pages"}],"about":[{"href":"https:\/\/adschool.hu\/en\/wp-json\/wp\/v2\/types\/page"}],"author":[{"embeddable":true,"href":"https:\/\/adschool.hu\/en\/wp-json\/wp\/v2\/users\/2"}],"replies":[{"embeddable":true,"href":"https:\/\/adschool.hu\/en\/wp-json\/wp\/v2\/comments?post=1817"}],"version-history":[{"count":22,"href":"https:\/\/adschool.hu\/en\/wp-json\/wp\/v2\/pages\/1817\/revisions"}],"predecessor-version":[{"id":2526,"href":"https:\/\/adschool.hu\/en\/wp-json\/wp\/v2\/pages\/1817\/revisions\/2526"}],"wp:attachment":[{"href":"https:\/\/adschool.hu\/en\/wp-json\/wp\/v2\/media?parent=1817"}],"curies":[{"name":"wp","href":"https:\/\/api.w.org\/{rel}","templated":true}]}}