{"id":1832,"date":"2023-04-01T22:21:44","date_gmt":"2023-04-01T20:21:44","guid":{"rendered":"https:\/\/adschool.hu\/?page_id=1832"},"modified":"2023-04-02T10:48:23","modified_gmt":"2023-04-02T08:48:23","slug":"kuldetesunk","status":"publish","type":"page","link":"https:\/\/adschool.hu\/en\/kuldetesunk\/","title":{"rendered":"Mission Vision"},"content":{"rendered":"<div data-elementor-type=\"wp-page\" data-elementor-id=\"1832\" class=\"elementor elementor-1832\" data-elementor-post-type=\"page\">\n\t\t\t\t\t\t<section class=\"elementor-section elementor-top-section elementor-element elementor-element-dad6c65 elementor-section-boxed elementor-section-height-default elementor-section-height-default\" data-id=\"dad6c65\" data-element_type=\"section\" data-settings=\"{&quot;background_background&quot;:&quot;classic&quot;,&quot;jet_parallax_layout_list&quot;:[]}\">\n\t\t\t\t\t\t<div class=\"elementor-container elementor-column-gap-default\">\n\t\t\t\t\t<div class=\"elementor-column elementor-col-100 elementor-top-column elementor-element elementor-element-fc6c107\" data-id=\"fc6c107\" data-element_type=\"column\" data-settings=\"{&quot;background_background&quot;:&quot;classic&quot;}\">\n\t\t\t<div class=\"elementor-widget-wrap elementor-element-populated\">\n\t\t\t\t\t<div class=\"elementor-background-overlay\"><\/div>\n\t\t\t\t\t\t<section class=\"elementor-section elementor-inner-section elementor-element elementor-element-c1637bc elementor-section-boxed elementor-section-height-default elementor-section-height-default\" data-id=\"c1637bc\" data-element_type=\"section\" data-settings=\"{&quot;jet_parallax_layout_list&quot;:[]}\">\n\t\t\t\t\t\t<div class=\"elementor-container elementor-column-gap-default\">\n\t\t\t\t\t<div class=\"elementor-column elementor-col-100 elementor-inner-column elementor-element elementor-element-b67b0f1\" data-id=\"b67b0f1\" data-element_type=\"column\">\n\t\t\t<div class=\"elementor-widget-wrap elementor-element-populated\">\n\t\t\t\t\t\t<div class=\"elementor-element elementor-element-6868343 elementor-invisible elementor-widget elementor-widget-heading\" data-id=\"6868343\" data-element_type=\"widget\" data-settings=\"{&quot;_animation&quot;:&quot;fadeInUp&quot;}\" data-widget_type=\"heading.default\">\n\t\t\t\t<div class=\"elementor-widget-container\">\n\t\t\t\t\t<h1 class=\"elementor-heading-title elementor-size-default\">Mission Vision<\/h1>\t\t\t\t<\/div>\n\t\t\t\t<\/div>\n\t\t\t\t\t<\/div>\n\t\t<\/div>\n\t\t\t\t\t<\/div>\n\t\t<\/section>\n\t\t\t\t\t<\/div>\n\t\t<\/div>\n\t\t\t\t\t<\/div>\n\t\t<\/section>\n\t\t\t\t<section class=\"elementor-section elementor-top-section elementor-element elementor-element-5a2876d elementor-section-boxed elementor-section-height-default elementor-section-height-default\" data-id=\"5a2876d\" data-element_type=\"section\" data-settings=\"{&quot;background_background&quot;:&quot;classic&quot;,&quot;jet_parallax_layout_list&quot;:[]}\">\n\t\t\t\t\t\t<div class=\"elementor-container elementor-column-gap-default\">\n\t\t\t\t\t<div class=\"elementor-column elementor-col-100 elementor-top-column elementor-element elementor-element-149b762\" data-id=\"149b762\" data-element_type=\"column\">\n\t\t\t<div class=\"elementor-widget-wrap elementor-element-populated\">\n\t\t\t\t\t\t<div class=\"elementor-element elementor-element-93b0049 elementor-widget elementor-widget-text-editor\" data-id=\"93b0049\" data-element_type=\"widget\" data-widget_type=\"text-editor.default\">\n\t\t\t\t<div class=\"elementor-widget-container\">\n\t\t\t\t\t\t\t\t\t<h3>The Budapest Adschool is not part of the school system, but part of the advertising market, and therefore prepares you for real agency work, not for the exam.<\/h3><p>The school gives students the chance to work directly with some of the biggest names in advertising, working on real agency jobs. They will gain an insight into the stages of advertising production and agency life, from commercial filming to post-production and photography.<\/p><h3><strong>Talent Pool<\/strong><\/h3><p>We're assembling a talented, creative team of students, both enrolled and graduating from the school, to produce creative materials for sharp work given by our client-side partners, which will then be given a platform to be displayed. In this collaborative framework, participating students can add to their portfolio with realised creative work, collaborate with teachers involved in the implementation phase and with professionals from different production areas, gaining real-world experience. And our client-side partners get fresh, punchy material.<\/p>\t\t\t\t\t\t\t\t<\/div>\n\t\t\t\t<\/div>\n\t\t\t\t\t<\/div>\n\t\t<\/div>\n\t\t\t\t\t<\/div>\n\t\t<\/section>\n\t\t\t\t<\/div>","protected":false},"excerpt":{"rendered":"<p>A Budapest Adschool nem az iskolarendszer, hanem a rekl\u00e1mpiac r\u00e9sze, ennek megfelel\u0151en nem a vizsg\u00e1ra, hanem az \u00e9les \u00fcgyn\u00f6ks\u00e9gi munk\u00e1ra k\u00e9sz\u00edt fel. Az iskola hallgat\u00f3i k\u00f6zvetlen kapcsolatba ker\u00fclhetnek a rekl\u00e1mszakma legnagyobb alakjaival, val\u00f3s \u00fcgyn\u00f6ks\u00e9gi munk\u00e1kon dolgozhatnak. Betekinthetnek a rekl\u00e1mk\u00e9sz\u00edt\u00e9s f\u00e1zisaiba \u00e9s az \u00fcgyn\u00f6ks\u00e9gi \u00e9letbe, a rekl\u00e1mfilmforgat\u00e1st\u00f3l kezdve az ut\u00f3munk\u00e1n kereszt\u00fcl a fot\u00f3z\u00e1sig. Talent Pool Az [&hellip;]<\/p>","protected":false},"author":2,"featured_media":0,"parent":0,"menu_order":0,"comment_status":"closed","ping_status":"closed","template":"","meta":{"footnotes":""},"class_list":["post-1832","page","type-page","status-publish","hentry"],"_links":{"self":[{"href":"https:\/\/adschool.hu\/en\/wp-json\/wp\/v2\/pages\/1832","targetHints":{"allow":["GET"]}}],"collection":[{"href":"https:\/\/adschool.hu\/en\/wp-json\/wp\/v2\/pages"}],"about":[{"href":"https:\/\/adschool.hu\/en\/wp-json\/wp\/v2\/types\/page"}],"author":[{"embeddable":true,"href":"https:\/\/adschool.hu\/en\/wp-json\/wp\/v2\/users\/2"}],"replies":[{"embeddable":true,"href":"https:\/\/adschool.hu\/en\/wp-json\/wp\/v2\/comments?post=1832"}],"version-history":[{"count":10,"href":"https:\/\/adschool.hu\/en\/wp-json\/wp\/v2\/pages\/1832\/revisions"}],"predecessor-version":[{"id":2012,"href":"https:\/\/adschool.hu\/en\/wp-json\/wp\/v2\/pages\/1832\/revisions\/2012"}],"wp:attachment":[{"href":"https:\/\/adschool.hu\/en\/wp-json\/wp\/v2\/media?parent=1832"}],"curies":[{"name":"wp","href":"https:\/\/api.w.org\/{rel}","templated":true}]}}