{"id":1841,"date":"2023-04-01T22:23:04","date_gmt":"2023-04-01T20:23:04","guid":{"rendered":"https:\/\/adschool.hu\/?page_id=1841"},"modified":"2023-04-02T10:48:14","modified_gmt":"2023-04-02T08:48:14","slug":"egyuttmukodo-partnereink","status":"publish","type":"page","link":"https:\/\/adschool.hu\/en\/egyuttmukodo-partnereink\/","title":{"rendered":"Partners"},"content":{"rendered":"<div data-elementor-type=\"wp-page\" data-elementor-id=\"1841\" class=\"elementor elementor-1841\" data-elementor-post-type=\"page\">\n\t\t\t\t\t\t<section class=\"elementor-section elementor-top-section elementor-element elementor-element-a77d93e elementor-section-boxed elementor-section-height-default elementor-section-height-default\" data-id=\"a77d93e\" data-element_type=\"section\" data-settings=\"{&quot;background_background&quot;:&quot;classic&quot;,&quot;jet_parallax_layout_list&quot;:[]}\">\n\t\t\t\t\t\t<div class=\"elementor-container elementor-column-gap-default\">\n\t\t\t\t\t<div class=\"elementor-column elementor-col-100 elementor-top-column elementor-element elementor-element-392f379\" data-id=\"392f379\" data-element_type=\"column\" data-settings=\"{&quot;background_background&quot;:&quot;classic&quot;}\">\n\t\t\t<div class=\"elementor-widget-wrap elementor-element-populated\">\n\t\t\t\t\t<div class=\"elementor-background-overlay\"><\/div>\n\t\t\t\t\t\t<section class=\"elementor-section elementor-inner-section elementor-element elementor-element-5b1ac78 elementor-section-boxed elementor-section-height-default elementor-section-height-default\" data-id=\"5b1ac78\" data-element_type=\"section\" data-settings=\"{&quot;jet_parallax_layout_list&quot;:[]}\">\n\t\t\t\t\t\t<div class=\"elementor-container elementor-column-gap-default\">\n\t\t\t\t\t<div class=\"elementor-column elementor-col-100 elementor-inner-column elementor-element elementor-element-e505a70\" data-id=\"e505a70\" data-element_type=\"column\">\n\t\t\t<div class=\"elementor-widget-wrap elementor-element-populated\">\n\t\t\t\t\t\t<div class=\"elementor-element elementor-element-3021ad1 elementor-invisible elementor-widget elementor-widget-heading\" data-id=\"3021ad1\" data-element_type=\"widget\" data-settings=\"{&quot;_animation&quot;:&quot;fadeInUp&quot;}\" data-widget_type=\"heading.default\">\n\t\t\t\t<div class=\"elementor-widget-container\">\n\t\t\t\t\t<h1 class=\"elementor-heading-title elementor-size-default\">Partners<\/h1>\t\t\t\t<\/div>\n\t\t\t\t<\/div>\n\t\t\t\t\t<\/div>\n\t\t<\/div>\n\t\t\t\t\t<\/div>\n\t\t<\/section>\n\t\t\t\t\t<\/div>\n\t\t<\/div>\n\t\t\t\t\t<\/div>\n\t\t<\/section>\n\t\t\t\t<section class=\"elementor-section elementor-top-section elementor-element elementor-element-80f0b05 elementor-section-boxed elementor-section-height-default elementor-section-height-default\" data-id=\"80f0b05\" data-element_type=\"section\" data-settings=\"{&quot;background_background&quot;:&quot;classic&quot;,&quot;jet_parallax_layout_list&quot;:[]}\">\n\t\t\t\t\t\t<div class=\"elementor-container elementor-column-gap-default\">\n\t\t\t\t\t<div class=\"elementor-column elementor-col-100 elementor-top-column elementor-element elementor-element-bd59cc7\" data-id=\"bd59cc7\" data-element_type=\"column\">\n\t\t\t<div class=\"elementor-widget-wrap elementor-element-populated\">\n\t\t\t\t\t\t<div class=\"elementor-element elementor-element-cf0e23e elementor-widget elementor-widget-heading\" data-id=\"cf0e23e\" data-element_type=\"widget\" data-widget_type=\"heading.default\">\n\t\t\t\t<div class=\"elementor-widget-container\">\n\t\t\t\t\t<h2 class=\"elementor-heading-title elementor-size-default\">Clients<\/h2>\t\t\t\t<\/div>\n\t\t\t\t<\/div>\n\t\t\t\t<div class=\"elementor-element elementor-element-e8c135f elementor-widget elementor-widget-text-editor\" data-id=\"e8c135f\" data-element_type=\"widget\" data-widget_type=\"text-editor.default\">\n\t\t\t\t<div class=\"elementor-widget-container\">\n\t\t\t\t\t\t\t\t\t<p>Advertising agencies where our students have been trainees or have found jobs:<\/p><p>D\u2019Arcy Avenue<\/p><p>Okego<\/p><p>LeoBurnett<\/p><p>Hammer MS<\/p><p>Our partners with whom we have won creative awards<\/p><p>National Geographic<\/p><p>K\u00fcl\u00f6nd\u00edjunk<\/p><p>Prize for the most clever text idea - Badschool Copy Special Prize, ARC Public Exhibition<\/p>\t\t\t\t\t\t\t\t<\/div>\n\t\t\t\t<\/div>\n\t\t\t\t<section class=\"elementor-section elementor-inner-section elementor-element elementor-element-5738de4 elementor-section-boxed elementor-section-height-default elementor-section-height-default\" data-id=\"5738de4\" data-element_type=\"section\" data-settings=\"{&quot;jet_parallax_layout_list&quot;:[]}\">\n\t\t\t\t\t\t<div class=\"elementor-container elementor-column-gap-default\">\n\t\t\t\t\t<div class=\"elementor-column elementor-col-50 elementor-inner-column elementor-element elementor-element-72810bd\" data-id=\"72810bd\" data-element_type=\"column\">\n\t\t\t<div class=\"elementor-widget-wrap elementor-element-populated\">\n\t\t\t\t\t\t<div class=\"elementor-element elementor-element-9117c36 elementor-widget elementor-widget-image\" data-id=\"9117c36\" data-element_type=\"widget\" data-widget_type=\"image.default\">\n\t\t\t\t<div class=\"elementor-widget-container\">\n\t\t\t\t\t\t\t\t\t\t\t\t\t\t\t<img decoding=\"async\" width=\"298\" height=\"46\" src=\"https:\/\/adschool.hu\/wp-content\/uploads\/2023\/04\/itvLogo-1.png\" class=\"attachment-large size-large wp-image-1874\" alt=\"\" title=\"\">\t\t\t\t\t\t\t\t\t\t\t\t\t\t\t<\/div>\n\t\t\t\t<\/div>\n\t\t\t\t\t<\/div>\n\t\t<\/div>\n\t\t\t\t<div class=\"elementor-column elementor-col-50 elementor-inner-column elementor-element elementor-element-38b12bb\" data-id=\"38b12bb\" data-element_type=\"column\">\n\t\t\t<div class=\"elementor-widget-wrap elementor-element-populated\">\n\t\t\t\t\t\t<div class=\"elementor-element elementor-element-363bcf3 elementor-widget elementor-widget-image\" data-id=\"363bcf3\" data-element_type=\"widget\" data-widget_type=\"image.default\">\n\t\t\t\t<div class=\"elementor-widget-container\">\n\t\t\t\t\t\t\t\t\t\t\t\t\t\t\t<img decoding=\"async\" width=\"121\" height=\"32\" src=\"https:\/\/adschool.hu\/wp-content\/uploads\/2023\/04\/bardi-auto-logo_2HU.png\" class=\"attachment-large size-large wp-image-1873\" alt=\"\" title=\"\">\t\t\t\t\t\t\t\t\t\t\t\t\t\t\t<\/div>\n\t\t\t\t<\/div>\n\t\t\t\t\t<\/div>\n\t\t<\/div>\n\t\t\t\t\t<\/div>\n\t\t<\/section>\n\t\t\t\t<section class=\"elementor-section elementor-inner-section elementor-element elementor-element-c0f94b9 elementor-section-boxed elementor-section-height-default elementor-section-height-default\" data-id=\"c0f94b9\" data-element_type=\"section\" data-settings=\"{&quot;jet_parallax_layout_list&quot;:[]}\">\n\t\t\t\t\t\t<div class=\"elementor-container elementor-column-gap-default\">\n\t\t\t\t\t<div class=\"elementor-column elementor-col-50 elementor-inner-column elementor-element elementor-element-55da314\" data-id=\"55da314\" data-element_type=\"column\">\n\t\t\t<div class=\"elementor-widget-wrap elementor-element-populated\">\n\t\t\t\t\t\t<div class=\"elementor-element elementor-element-1db1c71 elementor-widget elementor-widget-image\" data-id=\"1db1c71\" data-element_type=\"widget\" data-widget_type=\"image.default\">\n\t\t\t\t<div class=\"elementor-widget-container\">\n\t\t\t\t\t\t\t\t\t\t\t\t\t\t\t<img fetchpriority=\"high\" decoding=\"async\" width=\"800\" height=\"800\" src=\"https:\/\/adschool.hu\/wp-content\/uploads\/2023\/04\/371185ba9c8afac3f6ac4bf65367ba31bd06610f-1024x1024.png\" class=\"attachment-large size-large wp-image-1872\" alt=\"\" srcset=\"https:\/\/adschool.hu\/wp-content\/uploads\/2023\/04\/371185ba9c8afac3f6ac4bf65367ba31bd06610f-1024x1024.png 1024w, https:\/\/adschool.hu\/wp-content\/uploads\/2023\/04\/371185ba9c8afac3f6ac4bf65367ba31bd06610f-300x300.png 300w, https:\/\/adschool.hu\/wp-content\/uploads\/2023\/04\/371185ba9c8afac3f6ac4bf65367ba31bd06610f-150x150.png 150w, https:\/\/adschool.hu\/wp-content\/uploads\/2023\/04\/371185ba9c8afac3f6ac4bf65367ba31bd06610f-768x768.png 768w, https:\/\/adschool.hu\/wp-content\/uploads\/2023\/04\/371185ba9c8afac3f6ac4bf65367ba31bd06610f-1536x1536.png 1536w, https:\/\/adschool.hu\/wp-content\/uploads\/2023\/04\/371185ba9c8afac3f6ac4bf65367ba31bd06610f-2048x2048.png 2048w\" sizes=\"(max-width: 800px) 100vw, 800px\" title=\"\">\t\t\t\t\t\t\t\t\t\t\t\t\t\t\t<\/div>\n\t\t\t\t<\/div>\n\t\t\t\t\t<\/div>\n\t\t<\/div>\n\t\t\t\t<div class=\"elementor-column elementor-col-50 elementor-inner-column elementor-element elementor-element-444f0a1\" data-id=\"444f0a1\" data-element_type=\"column\">\n\t\t\t<div class=\"elementor-widget-wrap elementor-element-populated\">\n\t\t\t\t\t\t<div class=\"elementor-element elementor-element-7372965 elementor-widget elementor-widget-image\" data-id=\"7372965\" data-element_type=\"widget\" data-widget_type=\"image.default\">\n\t\t\t\t<div class=\"elementor-widget-container\">\n\t\t\t\t\t\t\t\t\t\t\t\t\t\t\t<img loading=\"lazy\" decoding=\"async\" width=\"800\" height=\"235\" src=\"https:\/\/adschool.hu\/wp-content\/uploads\/2023\/04\/Natgeologo.svg-1024x301.png\" class=\"attachment-large size-large wp-image-1881\" alt=\"\" srcset=\"https:\/\/adschool.hu\/wp-content\/uploads\/2023\/04\/Natgeologo.svg-1024x301.png 1024w, https:\/\/adschool.hu\/wp-content\/uploads\/2023\/04\/Natgeologo.svg-300x88.png 300w, https:\/\/adschool.hu\/wp-content\/uploads\/2023\/04\/Natgeologo.svg-768x226.png 768w, https:\/\/adschool.hu\/wp-content\/uploads\/2023\/04\/Natgeologo.svg-1536x452.png 1536w, https:\/\/adschool.hu\/wp-content\/uploads\/2023\/04\/Natgeologo.svg-2048x602.png 2048w\" sizes=\"(max-width: 800px) 100vw, 800px\" title=\"\">\t\t\t\t\t\t\t\t\t\t\t\t\t\t\t<\/div>\n\t\t\t\t<\/div>\n\t\t\t\t\t<\/div>\n\t\t<\/div>\n\t\t\t\t\t<\/div>\n\t\t<\/section>\n\t\t\t\t\t<\/div>\n\t\t<\/div>\n\t\t\t\t\t<\/div>\n\t\t<\/section>\n\t\t\t\t<\/div>","protected":false},"excerpt":{"rendered":"<p>\u00dcgyfeleink Rekl\u00e1m\u00fcgyn\u00f6ks\u00e9gek, ahol di\u00e1kjaink eddig gyakornokok voltak, illetve elhelyezkedtek: D\u2019Arcy Avenue Okego LeoBurnett Hammer MS Egy\u00fcttm\u0171k\u00f6d\u0151 \u00fcgyfel\u00fcnk, akivel k\u00f6z\u00f6sen kreat\u00edv d\u00edjakat nyert\u00fcnk National Geographic K\u00fcl\u00f6nd\u00edjunk A legfrapp\u00e1nsabb sz\u00f6veges \u00f6tlet d\u00edja \u2013 Badschool Copy K\u00fcl\u00f6nd\u00edj, ARC k\u00f6z\u00e9rzeti ki\u00e1ll\u00edt\u00e1s<\/p>","protected":false},"author":2,"featured_media":0,"parent":0,"menu_order":0,"comment_status":"closed","ping_status":"closed","template":"","meta":{"footnotes":""},"class_list":["post-1841","page","type-page","status-publish","hentry"],"_links":{"self":[{"href":"https:\/\/adschool.hu\/en\/wp-json\/wp\/v2\/pages\/1841","targetHints":{"allow":["GET"]}}],"collection":[{"href":"https:\/\/adschool.hu\/en\/wp-json\/wp\/v2\/pages"}],"about":[{"href":"https:\/\/adschool.hu\/en\/wp-json\/wp\/v2\/types\/page"}],"author":[{"embeddable":true,"href":"https:\/\/adschool.hu\/en\/wp-json\/wp\/v2\/users\/2"}],"replies":[{"embeddable":true,"href":"https:\/\/adschool.hu\/en\/wp-json\/wp\/v2\/comments?post=1841"}],"version-history":[{"count":19,"href":"https:\/\/adschool.hu\/en\/wp-json\/wp\/v2\/pages\/1841\/revisions"}],"predecessor-version":[{"id":2009,"href":"https:\/\/adschool.hu\/en\/wp-json\/wp\/v2\/pages\/1841\/revisions\/2009"}],"wp:attachment":[{"href":"https:\/\/adschool.hu\/en\/wp-json\/wp\/v2\/media?parent=1841"}],"curies":[{"name":"wp","href":"https:\/\/api.w.org\/{rel}","templated":true}]}}