{"id":2328,"date":"2023-04-05T21:53:55","date_gmt":"2023-04-05T19:53:55","guid":{"rendered":"https:\/\/adschool.hu\/?page_id=2328"},"modified":"2023-11-10T00:44:27","modified_gmt":"2023-11-09T23:44:27","slug":"altalanos-koszono","status":"publish","type":"page","link":"https:\/\/adschool.hu\/en\/altalanos-koszono\/","title":{"rendered":"\u00c1ltal\u00e1nos k\u00f6sz\u00f6n\u0151"},"content":{"rendered":"<div data-elementor-type=\"wp-page\" data-elementor-id=\"2328\" class=\"elementor elementor-2328\" data-elementor-post-type=\"page\">\n\t\t\t\t\t\t<section class=\"elementor-section elementor-top-section elementor-element elementor-element-1caeb12 elementor-section-boxed elementor-section-height-default elementor-section-height-default\" data-id=\"1caeb12\" data-element_type=\"section\" data-settings=\"{&quot;background_background&quot;:&quot;classic&quot;,&quot;jet_parallax_layout_list&quot;:[]}\">\n\t\t\t\t\t\t<div class=\"elementor-container elementor-column-gap-default\">\n\t\t\t\t\t<div class=\"elementor-column elementor-col-100 elementor-top-column elementor-element elementor-element-bb0fa97\" data-id=\"bb0fa97\" data-element_type=\"column\" data-settings=\"{&quot;background_background&quot;:&quot;classic&quot;}\">\n\t\t\t<div class=\"elementor-widget-wrap elementor-element-populated\">\n\t\t\t\t\t<div class=\"elementor-background-overlay\"><\/div>\n\t\t\t\t\t\t<div class=\"elementor-element elementor-element-b04ad22 elementor-widget elementor-widget-heading\" data-id=\"b04ad22\" data-element_type=\"widget\" data-widget_type=\"heading.default\">\n\t\t\t\t<div class=\"elementor-widget-container\">\n\t\t\t\t\t<h1 class=\"elementor-heading-title elementor-size-default\">K\u00f6sz\u00f6nj\u00fck az \u00e9rdekl\u0151d\u00e9st, nemsok\u00e1ra jelentkez\u00fcnk.<\/h1>\t\t\t\t<\/div>\n\t\t\t\t<\/div>\n\t\t\t\t\t<\/div>\n\t\t<\/div>\n\t\t\t\t\t<\/div>\n\t\t<\/section>\n\t\t\t\t<\/div>","protected":false},"excerpt":{"rendered":"<p>K\u00f6sz\u00f6nj\u00fck az \u00e9rdekl\u0151d\u00e9st, nemsok\u00e1ra jelentkez\u00fcnk.<\/p>","protected":false},"author":2,"featured_media":0,"parent":0,"menu_order":0,"comment_status":"closed","ping_status":"closed","template":"","meta":{"footnotes":""},"class_list":["post-2328","page","type-page","status-publish","hentry"],"_links":{"self":[{"href":"https:\/\/adschool.hu\/en\/wp-json\/wp\/v2\/pages\/2328","targetHints":{"allow":["GET"]}}],"collection":[{"href":"https:\/\/adschool.hu\/en\/wp-json\/wp\/v2\/pages"}],"about":[{"href":"https:\/\/adschool.hu\/en\/wp-json\/wp\/v2\/types\/page"}],"author":[{"embeddable":true,"href":"https:\/\/adschool.hu\/en\/wp-json\/wp\/v2\/users\/2"}],"replies":[{"embeddable":true,"href":"https:\/\/adschool.hu\/en\/wp-json\/wp\/v2\/comments?post=2328"}],"version-history":[{"count":10,"href":"https:\/\/adschool.hu\/en\/wp-json\/wp\/v2\/pages\/2328\/revisions"}],"predecessor-version":[{"id":2710,"href":"https:\/\/adschool.hu\/en\/wp-json\/wp\/v2\/pages\/2328\/revisions\/2710"}],"wp:attachment":[{"href":"https:\/\/adschool.hu\/en\/wp-json\/wp\/v2\/media?parent=2328"}],"curies":[{"name":"wp","href":"https:\/\/api.w.org\/{rel}","templated":true}]}}