{"id":526,"date":"2023-03-26T13:40:03","date_gmt":"2023-03-26T11:40:03","guid":{"rendered":"https:\/\/adschool.hu\/?page_id=526"},"modified":"2023-04-03T20:35:35","modified_gmt":"2023-04-03T18:35:35","slug":"cegeknek","status":"publish","type":"page","link":"https:\/\/adschool.hu\/en\/cegeknek\/","title":{"rendered":"Corporate"},"content":{"rendered":"<div data-elementor-type=\"wp-page\" data-elementor-id=\"526\" class=\"elementor elementor-526\" data-elementor-post-type=\"page\">\n\t\t\t\t\t\t<section class=\"elementor-section elementor-top-section elementor-element elementor-element-5cc511c elementor-section-boxed elementor-section-height-default elementor-section-height-default\" data-id=\"5cc511c\" data-element_type=\"section\" data-settings=\"{&quot;background_background&quot;:&quot;classic&quot;,&quot;jet_parallax_layout_list&quot;:[]}\">\n\t\t\t\t\t\t<div class=\"elementor-container elementor-column-gap-default\">\n\t\t\t\t\t<div class=\"elementor-column elementor-col-100 elementor-top-column elementor-element elementor-element-14c80a7\" data-id=\"14c80a7\" data-element_type=\"column\" data-settings=\"{&quot;background_background&quot;:&quot;classic&quot;}\">\n\t\t\t<div class=\"elementor-widget-wrap elementor-element-populated\">\n\t\t\t\t\t<div class=\"elementor-background-overlay\"><\/div>\n\t\t\t\t\t\t<section class=\"elementor-section elementor-inner-section elementor-element elementor-element-2c2f88c elementor-section-boxed elementor-section-height-default elementor-section-height-default\" data-id=\"2c2f88c\" data-element_type=\"section\" data-settings=\"{&quot;jet_parallax_layout_list&quot;:[]}\">\n\t\t\t\t\t\t<div class=\"elementor-container elementor-column-gap-default\">\n\t\t\t\t\t<div class=\"elementor-column elementor-col-100 elementor-inner-column elementor-element elementor-element-e51211b\" data-id=\"e51211b\" data-element_type=\"column\">\n\t\t\t<div class=\"elementor-widget-wrap elementor-element-populated\">\n\t\t\t\t\t\t<div class=\"elementor-element elementor-element-b98072e elementor-invisible elementor-widget elementor-widget-heading\" data-id=\"b98072e\" data-element_type=\"widget\" data-settings=\"{&quot;_animation&quot;:&quot;fadeInUp&quot;}\" data-widget_type=\"heading.default\">\n\t\t\t\t<div class=\"elementor-widget-container\">\n\t\t\t\t\t<h1 class=\"elementor-heading-title elementor-size-default\">Corporate<\/h1>\t\t\t\t<\/div>\n\t\t\t\t<\/div>\n\t\t\t\t\t<\/div>\n\t\t<\/div>\n\t\t\t\t\t<\/div>\n\t\t<\/section>\n\t\t\t\t\t<\/div>\n\t\t<\/div>\n\t\t\t\t\t<\/div>\n\t\t<\/section>\n\t\t\t\t<section class=\"elementor-section elementor-top-section elementor-element elementor-element-a7d0f6a elementor-section-content-middle elementor-section-boxed elementor-section-height-default elementor-section-height-default\" data-id=\"a7d0f6a\" data-element_type=\"section\" data-settings=\"{&quot;jet_parallax_layout_list&quot;:[]}\">\n\t\t\t\t\t\t<div class=\"elementor-container elementor-column-gap-no\">\n\t\t\t\t\t<div class=\"elementor-column elementor-col-33 elementor-top-column elementor-element elementor-element-9d68d93\" data-id=\"9d68d93\" data-element_type=\"column\">\n\t\t\t<div class=\"elementor-widget-wrap elementor-element-populated\">\n\t\t\t\t\t\t<section class=\"elementor-section elementor-inner-section elementor-element elementor-element-9d15014 elementor-section-boxed elementor-section-height-default elementor-section-height-default\" data-id=\"9d15014\" data-element_type=\"section\" id=\"cegeknek\" data-settings=\"{&quot;jet_parallax_layout_list&quot;:[]}\">\n\t\t\t\t\t\t<div class=\"elementor-container elementor-column-gap-default\">\n\t\t\t\t\t<div class=\"elementor-column elementor-col-100 elementor-inner-column elementor-element elementor-element-1d74263 elementor-invisible\" data-id=\"1d74263\" data-element_type=\"column\" data-settings=\"{&quot;background_background&quot;:&quot;classic&quot;,&quot;animation&quot;:&quot;fadeInUp&quot;,&quot;animation_delay&quot;:300}\">\n\t\t\t<div class=\"elementor-widget-wrap elementor-element-populated\">\n\t\t\t\t\t\t<div class=\"elementor-element elementor-element-ea4dbed elementor-widget elementor-widget-image\" data-id=\"ea4dbed\" data-element_type=\"widget\" data-widget_type=\"image.default\">\n\t\t\t\t<div class=\"elementor-widget-container\">\n\t\t\t\t\t\t\t\t\t\t\t\t\t\t\t\t<a href=\"https:\/\/adschool.hu\/en\/vallalati-kreativ-trening\/\">\n\t\t\t\t\t\t\t<img decoding=\"async\" width=\"206\" height=\"206\" src=\"https:\/\/adschool.hu\/wp-content\/uploads\/2023\/03\/vallalati-_trening-1.jpeg\" class=\"attachment-full size-full wp-image-1230\" alt=\"\" srcset=\"https:\/\/adschool.hu\/wp-content\/uploads\/2023\/03\/vallalati-_trening-1.jpeg 206w, https:\/\/adschool.hu\/wp-content\/uploads\/2023\/03\/vallalati-_trening-1-150x150.jpeg 150w\" sizes=\"(max-width: 206px) 100vw, 206px\" title=\"\">\t\t\t\t\t\t\t\t<\/a>\n\t\t\t\t\t\t\t\t\t\t\t\t\t\t\t<\/div>\n\t\t\t\t<\/div>\n\t\t\t\t<div class=\"elementor-element elementor-element-58e0215 elementor-widget elementor-widget-heading\" data-id=\"58e0215\" data-element_type=\"widget\" data-widget_type=\"heading.default\">\n\t\t\t\t<div class=\"elementor-widget-container\">\n\t\t\t\t\t<h4 class=\"elementor-heading-title elementor-size-default\">Corporate Creative Training<\/h4>\t\t\t\t<\/div>\n\t\t\t\t<\/div>\n\t\t\t\t<div class=\"elementor-element elementor-element-6457eba elementor-widget elementor-widget-text-editor\" data-id=\"6457eba\" data-element_type=\"widget\" data-widget_type=\"text-editor.default\">\n\t\t\t\t<div class=\"elementor-widget-container\">\n\t\t\t\t\t\t\t\t\t<p><a href=\"\/en\/vallalati-kreativ-trening\/\">After a needs assessment, a customized workshop theme and training scenario will be developed. We will customize topics and tasks, spontaneity and structure in line with the team.<\/a><\/p>\t\t\t\t\t\t\t\t<\/div>\n\t\t\t\t<\/div>\n\t\t\t\t\t<\/div>\n\t\t<\/div>\n\t\t\t\t\t<\/div>\n\t\t<\/section>\n\t\t\t\t\t<\/div>\n\t\t<\/div>\n\t\t\t\t<div class=\"elementor-column elementor-col-33 elementor-top-column elementor-element elementor-element-7db6adf\" data-id=\"7db6adf\" data-element_type=\"column\">\n\t\t\t<div class=\"elementor-widget-wrap elementor-element-populated\">\n\t\t\t\t\t\t<section class=\"elementor-section elementor-inner-section elementor-element elementor-element-fbcdcea elementor-section-boxed elementor-section-height-default elementor-section-height-default\" data-id=\"fbcdcea\" data-element_type=\"section\" id=\"cegeknek\" data-settings=\"{&quot;jet_parallax_layout_list&quot;:[]}\">\n\t\t\t\t\t\t<div class=\"elementor-container elementor-column-gap-default\">\n\t\t\t\t\t<div class=\"elementor-column elementor-col-100 elementor-inner-column elementor-element elementor-element-f4dfe4e elementor-invisible\" data-id=\"f4dfe4e\" data-element_type=\"column\" data-settings=\"{&quot;background_background&quot;:&quot;classic&quot;,&quot;animation&quot;:&quot;fadeInUp&quot;,&quot;animation_delay&quot;:300}\">\n\t\t\t<div class=\"elementor-widget-wrap elementor-element-populated\">\n\t\t\t\t\t\t<div class=\"elementor-element elementor-element-e46423d elementor-widget elementor-widget-image\" data-id=\"e46423d\" data-element_type=\"widget\" data-widget_type=\"image.default\">\n\t\t\t\t<div class=\"elementor-widget-container\">\n\t\t\t\t\t\t\t\t\t\t\t\t\t\t\t\t<a href=\"https:\/\/adschool.hu\/en\/kreativ-ugynokseg\/\">\n\t\t\t\t\t\t\t<img fetchpriority=\"high\" decoding=\"async\" width=\"1465\" height=\"1051\" src=\"https:\/\/adschool.hu\/wp-content\/uploads\/2023\/03\/ugynokseg-e1680271794431.jpg\" class=\"attachment-full size-full wp-image-1228\" alt=\"\" srcset=\"https:\/\/adschool.hu\/wp-content\/uploads\/2023\/03\/ugynokseg-e1680271794431.jpg 1465w, https:\/\/adschool.hu\/wp-content\/uploads\/2023\/03\/ugynokseg-e1680271794431-300x215.jpg 300w, https:\/\/adschool.hu\/wp-content\/uploads\/2023\/03\/ugynokseg-e1680271794431-1024x735.jpg 1024w, https:\/\/adschool.hu\/wp-content\/uploads\/2023\/03\/ugynokseg-e1680271794431-768x551.jpg 768w\" sizes=\"(max-width: 1465px) 100vw, 1465px\" title=\"\">\t\t\t\t\t\t\t\t<\/a>\n\t\t\t\t\t\t\t\t\t\t\t\t\t\t\t<\/div>\n\t\t\t\t<\/div>\n\t\t\t\t<div class=\"elementor-element elementor-element-2567546 elementor-widget elementor-widget-heading\" data-id=\"2567546\" data-element_type=\"widget\" data-widget_type=\"heading.default\">\n\t\t\t\t<div class=\"elementor-widget-container\">\n\t\t\t\t\t<h4 class=\"elementor-heading-title elementor-size-default\"><a href=\"https:\/\/adschool.hu\/en\/kreativ-ugynokseg\/\">Creative Agency<\/a><\/h4>\t\t\t\t<\/div>\n\t\t\t\t<\/div>\n\t\t\t\t<div class=\"elementor-element elementor-element-233865c elementor-widget elementor-widget-text-editor\" data-id=\"233865c\" data-element_type=\"widget\" data-widget_type=\"text-editor.default\">\n\t\t\t\t<div class=\"elementor-widget-container\">\n\t\t\t\t\t\t\t\t\t<p><a href=\"\/en\/kreativ-ugynokseg\/\">Outstanding quality creative design and in-house production. We can develop tailor made creative concepts, we also undertake the adaptation of international campaigns.<\/a><\/p>\t\t\t\t\t\t\t\t<\/div>\n\t\t\t\t<\/div>\n\t\t\t\t\t<\/div>\n\t\t<\/div>\n\t\t\t\t\t<\/div>\n\t\t<\/section>\n\t\t\t\t\t<\/div>\n\t\t<\/div>\n\t\t\t\t<div class=\"elementor-column elementor-col-33 elementor-top-column elementor-element elementor-element-c3132e4\" data-id=\"c3132e4\" data-element_type=\"column\">\n\t\t\t<div class=\"elementor-widget-wrap elementor-element-populated\">\n\t\t\t\t\t\t<section class=\"elementor-section elementor-inner-section elementor-element elementor-element-2da87e1 elementor-section-boxed elementor-section-height-default elementor-section-height-default\" data-id=\"2da87e1\" data-element_type=\"section\" id=\"cegeknek\" data-settings=\"{&quot;jet_parallax_layout_list&quot;:[]}\">\n\t\t\t\t\t\t<div class=\"elementor-container elementor-column-gap-default\">\n\t\t\t\t\t<div class=\"elementor-column elementor-col-100 elementor-inner-column elementor-element elementor-element-d666667 elementor-invisible\" data-id=\"d666667\" data-element_type=\"column\" data-settings=\"{&quot;background_background&quot;:&quot;classic&quot;,&quot;animation&quot;:&quot;fadeInUp&quot;,&quot;animation_delay&quot;:300}\">\n\t\t\t<div class=\"elementor-widget-wrap elementor-element-populated\">\n\t\t\t\t\t\t<div class=\"elementor-element elementor-element-ae447ea elementor-widget elementor-widget-image\" data-id=\"ae447ea\" data-element_type=\"widget\" data-widget_type=\"image.default\">\n\t\t\t\t<div class=\"elementor-widget-container\">\n\t\t\t\t\t\t\t\t\t\t\t\t\t\t\t\t<a href=\"https:\/\/adschool.hu\/en\/badschool\/\">\n\t\t\t\t\t\t\t<img decoding=\"async\" width=\"619\" height=\"534\" src=\"https:\/\/adschool.hu\/wp-content\/uploads\/2023\/04\/319884533_3316591555223961_4416705068569965294_n-1-e1680368451137.jpg\" class=\"attachment-full size-full wp-image-1379\" alt=\"\" srcset=\"https:\/\/adschool.hu\/wp-content\/uploads\/2023\/04\/319884533_3316591555223961_4416705068569965294_n-1-e1680368451137.jpg 619w, https:\/\/adschool.hu\/wp-content\/uploads\/2023\/04\/319884533_3316591555223961_4416705068569965294_n-1-e1680368451137-300x259.jpg 300w\" sizes=\"(max-width: 619px) 100vw, 619px\" title=\"\">\t\t\t\t\t\t\t\t<\/a>\n\t\t\t\t\t\t\t\t\t\t\t\t\t\t\t<\/div>\n\t\t\t\t<\/div>\n\t\t\t\t<div class=\"elementor-element elementor-element-d25c495 elementor-widget elementor-widget-heading\" data-id=\"d25c495\" data-element_type=\"widget\" data-widget_type=\"heading.default\">\n\t\t\t\t<div class=\"elementor-widget-container\">\n\t\t\t\t\t<h4 class=\"elementor-heading-title elementor-size-default\"><a href=\"https:\/\/adschool.hu\/en\/badschool\/\">Film Production<\/a><\/h4>\t\t\t\t<\/div>\n\t\t\t\t<\/div>\n\t\t\t\t<div class=\"elementor-element elementor-element-b759c79 elementor-widget elementor-widget-text-editor\" data-id=\"b759c79\" data-element_type=\"widget\" data-widget_type=\"text-editor.default\">\n\t\t\t\t<div class=\"elementor-widget-container\">\n\t\t\t\t\t\t\t\t\t<p><a href=\"\/en\/filmgyartas\/\">From a short film to a feature, from a single-camera YouTube vlog to a TV Commercial, from pre-production to shooting to post-production, we keep the process under one roof.<\/a><\/p>\t\t\t\t\t\t\t\t<\/div>\n\t\t\t\t<\/div>\n\t\t\t\t\t<\/div>\n\t\t<\/div>\n\t\t\t\t\t<\/div>\n\t\t<\/section>\n\t\t\t\t\t<\/div>\n\t\t<\/div>\n\t\t\t\t\t<\/div>\n\t\t<\/section>\n\t\t\t\t<\/div>","protected":false},"excerpt":{"rendered":"<p>V\u00e1llalati kreat\u00edv tr\u00e9ning Ig\u00e9nyfelm\u00e9r\u00e9s ut\u00e1n egyedi workshop tematika \u00e9s tr\u00e9ning forgat\u00f3k\u00f6nyv kialak\u00edt\u00e1s. Csapatra szabott t\u00e9m\u00e1k \u00e9s feladatok, spontaneit\u00e1s \u00e9s strukt\u00fara \u00f6sszhangban. Kreat\u00edv \u00fcgyn\u00f6ks\u00e9g Kiemelked\u0151 sz\u00ednvonal\u00fa kreat\u00edv tervez\u00e9s \u00e9s h\u00e1zon bel\u00fcli gy\u00e1rt\u00e1s. Az \u00f6n\u00e1ll\u00f3 \u00f6tletfejleszt\u00e9sen t\u00fal nemzetk\u00f6zi kamp\u00e1nyok adapt\u00e1ci\u00f3j\u00e1t is v\u00e1llaljuk. Filmgy\u00e1rt\u00e1s A kisfilmt\u0151l a nagyig, az egykamer\u00e1s YouTube filmt\u0151l a TV-rekl\u00e1mig az el\u0151k\u00e9sz\u00edt\u00e9st\u0151l a forgat\u00e1son [&hellip;]<\/p>","protected":false},"author":2,"featured_media":0,"parent":0,"menu_order":0,"comment_status":"closed","ping_status":"closed","template":"","meta":{"footnotes":""},"class_list":["post-526","page","type-page","status-publish","hentry"],"_links":{"self":[{"href":"https:\/\/adschool.hu\/en\/wp-json\/wp\/v2\/pages\/526","targetHints":{"allow":["GET"]}}],"collection":[{"href":"https:\/\/adschool.hu\/en\/wp-json\/wp\/v2\/pages"}],"about":[{"href":"https:\/\/adschool.hu\/en\/wp-json\/wp\/v2\/types\/page"}],"author":[{"embeddable":true,"href":"https:\/\/adschool.hu\/en\/wp-json\/wp\/v2\/users\/2"}],"replies":[{"embeddable":true,"href":"https:\/\/adschool.hu\/en\/wp-json\/wp\/v2\/comments?post=526"}],"version-history":[{"count":103,"href":"https:\/\/adschool.hu\/en\/wp-json\/wp\/v2\/pages\/526\/revisions"}],"predecessor-version":[{"id":2207,"href":"https:\/\/adschool.hu\/en\/wp-json\/wp\/v2\/pages\/526\/revisions\/2207"}],"wp:attachment":[{"href":"https:\/\/adschool.hu\/en\/wp-json\/wp\/v2\/media?parent=526"}],"curies":[{"name":"wp","href":"https:\/\/api.w.org\/{rel}","templated":true}]}}