{"id":726,"date":"2023-03-26T19:14:27","date_gmt":"2023-03-26T17:14:27","guid":{"rendered":"https:\/\/adschool.hu\/?page_id=726"},"modified":"2023-04-01T22:19:19","modified_gmt":"2023-04-01T20:19:19","slug":"rolunk","status":"publish","type":"page","link":"https:\/\/adschool.hu\/en\/rolunk\/","title":{"rendered":"About us"},"content":{"rendered":"<div data-elementor-type=\"wp-page\" data-elementor-id=\"726\" class=\"elementor elementor-726\" data-elementor-post-type=\"page\">\n\t\t\t\t\t\t<section class=\"elementor-section elementor-top-section elementor-element elementor-element-151df0d elementor-section-boxed elementor-section-height-default elementor-section-height-default\" data-id=\"151df0d\" data-element_type=\"section\" data-settings=\"{&quot;background_background&quot;:&quot;classic&quot;,&quot;jet_parallax_layout_list&quot;:[]}\">\n\t\t\t\t\t\t<div class=\"elementor-container elementor-column-gap-default\">\n\t\t\t\t\t<div class=\"elementor-column elementor-col-100 elementor-top-column elementor-element elementor-element-dbb40c0\" data-id=\"dbb40c0\" data-element_type=\"column\" data-settings=\"{&quot;background_background&quot;:&quot;classic&quot;}\">\n\t\t\t<div class=\"elementor-widget-wrap elementor-element-populated\">\n\t\t\t\t\t<div class=\"elementor-background-overlay\"><\/div>\n\t\t\t\t\t\t<section class=\"elementor-section elementor-inner-section elementor-element elementor-element-d34e8c3 elementor-section-boxed elementor-section-height-default elementor-section-height-default\" data-id=\"d34e8c3\" data-element_type=\"section\" data-settings=\"{&quot;jet_parallax_layout_list&quot;:[]}\">\n\t\t\t\t\t\t<div class=\"elementor-container elementor-column-gap-default\">\n\t\t\t\t\t<div class=\"elementor-column elementor-col-100 elementor-inner-column elementor-element elementor-element-696c4ec\" data-id=\"696c4ec\" data-element_type=\"column\">\n\t\t\t<div class=\"elementor-widget-wrap elementor-element-populated\">\n\t\t\t\t\t\t<div class=\"elementor-element elementor-element-4990f7e elementor-invisible elementor-widget elementor-widget-heading\" data-id=\"4990f7e\" data-element_type=\"widget\" data-settings=\"{&quot;_animation&quot;:&quot;fadeInUp&quot;}\" data-widget_type=\"heading.default\">\n\t\t\t\t<div class=\"elementor-widget-container\">\n\t\t\t\t\t<h1 class=\"elementor-heading-title elementor-size-default\">About us<\/h1>\t\t\t\t<\/div>\n\t\t\t\t<\/div>\n\t\t\t\t\t<\/div>\n\t\t<\/div>\n\t\t\t\t\t<\/div>\n\t\t<\/section>\n\t\t\t\t\t<\/div>\n\t\t<\/div>\n\t\t\t\t\t<\/div>\n\t\t<\/section>\n\t\t\t\t<section class=\"elementor-section elementor-top-section elementor-element elementor-element-43fc730 elementor-section-content-middle elementor-reverse-tablet elementor-reverse-mobile elementor-section-boxed elementor-section-height-default elementor-section-height-default\" data-id=\"43fc730\" data-element_type=\"section\" data-settings=\"{&quot;background_background&quot;:&quot;classic&quot;,&quot;background_motion_fx_motion_fx_scrolling&quot;:&quot;yes&quot;,&quot;background_motion_fx_translateY_effect&quot;:&quot;yes&quot;,&quot;background_motion_fx_translateY_direction&quot;:&quot;negative&quot;,&quot;jet_parallax_layout_list&quot;:[],&quot;background_motion_fx_translateY_speed&quot;:{&quot;unit&quot;:&quot;px&quot;,&quot;size&quot;:4,&quot;sizes&quot;:[]},&quot;background_motion_fx_translateY_affectedRange&quot;:{&quot;unit&quot;:&quot;%&quot;,&quot;size&quot;:&quot;&quot;,&quot;sizes&quot;:{&quot;start&quot;:0,&quot;end&quot;:100}},&quot;background_motion_fx_devices&quot;:[&quot;desktop&quot;,&quot;tablet&quot;,&quot;mobile&quot;]}\">\n\t\t\t\t\t\t\t<div class=\"elementor-background-overlay\"><\/div>\n\t\t\t\t\t\t\t<div class=\"elementor-container elementor-column-gap-no\">\n\t\t\t\t\t<div class=\"elementor-column elementor-col-50 elementor-top-column elementor-element elementor-element-3c16182\" data-id=\"3c16182\" data-element_type=\"column\">\n\t\t\t<div class=\"elementor-widget-wrap elementor-element-populated\">\n\t\t\t\t\t\t<div class=\"elementor-element elementor-element-318b6c3 elementor-widget elementor-widget-heading\" data-id=\"318b6c3\" data-element_type=\"widget\" data-widget_type=\"heading.default\">\n\t\t\t\t<div class=\"elementor-widget-container\">\n\t\t\t\t\t<h2 class=\"elementor-heading-title elementor-size-default\">Get more out of yourself!\n<\/h2>\t\t\t\t<\/div>\n\t\t\t\t<\/div>\n\t\t\t\t<div class=\"elementor-element elementor-element-21f930b elementor-widget elementor-widget-text-editor\" data-id=\"21f930b\" data-element_type=\"widget\" data-widget_type=\"text-editor.default\">\n\t\t\t\t<div class=\"elementor-widget-container\">\n\t\t\t\t\t\t\t\t\t<p>Badschool students are highly successful in national creative competitions and regularly compete in international competitions such as D&amp;AD New Blood. Every year, several of our students are able to find a job at network or large Hungarian agencies based on their portfolio from school.<\/p><p>The school is professionally led by creative director Russell Skidmore, who has worked as an art director and creative director in London, Amsterdam and Paris, on a number of international brands, in regional coordination, and has 22 years of experience in branding. He is a CIM (High Level English Marketing Education) accredited trainer.\u00a0<a href=\"http:\/\/www.cim.co.uk\/\" target=\"_blank\" rel=\"noopener\">CIM\u00a0<\/a>(magas szint\u0171 angol marketing oktat\u00e1si rendszer) akkredit\u00e1lt oktat\u00f3.<\/p><p class=\"translation-block\">The founder of the school is Bettina F\u00fcleki, creative director, advertising copywriter, psychologist, with 24 years of professional experience on international and Hungarian brands. You can see her work here. Here you can read an interview with her from 2015 about the creation of the school.<\/p>\t\t\t\t\t\t\t\t<\/div>\n\t\t\t\t<\/div>\n\t\t\t\t\t<\/div>\n\t\t<\/div>\n\t\t\t\t<div class=\"elementor-column elementor-col-50 elementor-top-column elementor-element elementor-element-37a46f3 elementor-invisible\" data-id=\"37a46f3\" data-element_type=\"column\" data-settings=\"{&quot;background_background&quot;:&quot;classic&quot;,&quot;animation&quot;:&quot;slideInLeft&quot;}\">\n\t\t\t<div class=\"elementor-widget-wrap elementor-element-populated\">\n\t\t\t\t\t\t<div class=\"elementor-element elementor-element-26c49f3 elementor-widget elementor-widget-image\" data-id=\"26c49f3\" data-element_type=\"widget\" data-widget_type=\"image.default\">\n\t\t\t\t<div class=\"elementor-widget-container\">\n\t\t\t\t\t\t\t\t\t\t\t\t\t\t\t<img fetchpriority=\"high\" decoding=\"async\" width=\"800\" height=\"549\" src=\"https:\/\/adschool.hu\/wp-content\/uploads\/2023\/03\/improvement-deevlopment-enhance-refine-growth-moti-2022-12-16-01-01-19-utc-1-1024x703.jpg\" class=\"attachment-large size-large wp-image-744\" alt=\"\" srcset=\"https:\/\/adschool.hu\/wp-content\/uploads\/2023\/03\/improvement-deevlopment-enhance-refine-growth-moti-2022-12-16-01-01-19-utc-1-1024x703.jpg 1024w, https:\/\/adschool.hu\/wp-content\/uploads\/2023\/03\/improvement-deevlopment-enhance-refine-growth-moti-2022-12-16-01-01-19-utc-1-300x206.jpg 300w, https:\/\/adschool.hu\/wp-content\/uploads\/2023\/03\/improvement-deevlopment-enhance-refine-growth-moti-2022-12-16-01-01-19-utc-1-768x527.jpg 768w, https:\/\/adschool.hu\/wp-content\/uploads\/2023\/03\/improvement-deevlopment-enhance-refine-growth-moti-2022-12-16-01-01-19-utc-1-1536x1054.jpg 1536w, https:\/\/adschool.hu\/wp-content\/uploads\/2023\/03\/improvement-deevlopment-enhance-refine-growth-moti-2022-12-16-01-01-19-utc-1.jpg 1920w\" sizes=\"(max-width: 800px) 100vw, 800px\" title=\"\">\t\t\t\t\t\t\t\t\t\t\t\t\t\t\t<\/div>\n\t\t\t\t<\/div>\n\t\t\t\t\t<\/div>\n\t\t<\/div>\n\t\t\t\t\t<\/div>\n\t\t<\/section>\n\t\t\t\t<section class=\"elementor-section elementor-top-section elementor-element elementor-element-bf20070 elementor-section-content-middle elementor-section-boxed elementor-section-height-default elementor-section-height-default\" data-id=\"bf20070\" data-element_type=\"section\" data-settings=\"{&quot;background_background&quot;:&quot;classic&quot;,&quot;background_motion_fx_motion_fx_scrolling&quot;:&quot;yes&quot;,&quot;background_motion_fx_translateY_effect&quot;:&quot;yes&quot;,&quot;background_motion_fx_translateY_direction&quot;:&quot;negative&quot;,&quot;jet_parallax_layout_list&quot;:[],&quot;background_motion_fx_translateY_speed&quot;:{&quot;unit&quot;:&quot;px&quot;,&quot;size&quot;:4,&quot;sizes&quot;:[]},&quot;background_motion_fx_translateY_affectedRange&quot;:{&quot;unit&quot;:&quot;%&quot;,&quot;size&quot;:&quot;&quot;,&quot;sizes&quot;:{&quot;start&quot;:0,&quot;end&quot;:100}},&quot;background_motion_fx_devices&quot;:[&quot;desktop&quot;,&quot;tablet&quot;,&quot;mobile&quot;]}\">\n\t\t\t\t\t\t\t<div class=\"elementor-background-overlay\"><\/div>\n\t\t\t\t\t\t\t<div class=\"elementor-container elementor-column-gap-no\">\n\t\t\t\t\t<div class=\"elementor-column elementor-col-50 elementor-top-column elementor-element elementor-element-46ae21d elementor-invisible\" data-id=\"46ae21d\" data-element_type=\"column\" data-settings=\"{&quot;background_background&quot;:&quot;classic&quot;,&quot;animation&quot;:&quot;slideInLeft&quot;}\">\n\t\t\t<div class=\"elementor-widget-wrap elementor-element-populated\">\n\t\t\t\t\t\t<div class=\"elementor-element elementor-element-9dd9d9e elementor-widget elementor-widget-image\" data-id=\"9dd9d9e\" data-element_type=\"widget\" data-widget_type=\"image.default\">\n\t\t\t\t<div class=\"elementor-widget-container\">\n\t\t\t\t\t\t\t\t\t\t\t\t\t\t\t<img decoding=\"async\" width=\"800\" height=\"534\" src=\"https:\/\/adschool.hu\/wp-content\/uploads\/2023\/03\/boss-working-typing-on-laptop-computer-searching-2022-01-21-19-24-19-utc-1-1024x683.jpg\" class=\"attachment-large size-large wp-image-746\" alt=\"\" srcset=\"https:\/\/adschool.hu\/wp-content\/uploads\/2023\/03\/boss-working-typing-on-laptop-computer-searching-2022-01-21-19-24-19-utc-1-1024x683.jpg 1024w, https:\/\/adschool.hu\/wp-content\/uploads\/2023\/03\/boss-working-typing-on-laptop-computer-searching-2022-01-21-19-24-19-utc-1-300x200.jpg 300w, https:\/\/adschool.hu\/wp-content\/uploads\/2023\/03\/boss-working-typing-on-laptop-computer-searching-2022-01-21-19-24-19-utc-1-768x512.jpg 768w, https:\/\/adschool.hu\/wp-content\/uploads\/2023\/03\/boss-working-typing-on-laptop-computer-searching-2022-01-21-19-24-19-utc-1-1536x1025.jpg 1536w, https:\/\/adschool.hu\/wp-content\/uploads\/2023\/03\/boss-working-typing-on-laptop-computer-searching-2022-01-21-19-24-19-utc-1.jpg 1920w\" sizes=\"(max-width: 800px) 100vw, 800px\" title=\"\">\t\t\t\t\t\t\t\t\t\t\t\t\t\t\t<\/div>\n\t\t\t\t<\/div>\n\t\t\t\t\t<\/div>\n\t\t<\/div>\n\t\t\t\t<div class=\"elementor-column elementor-col-50 elementor-top-column elementor-element elementor-element-8f34bb9\" data-id=\"8f34bb9\" data-element_type=\"column\">\n\t\t\t<div class=\"elementor-widget-wrap elementor-element-populated\">\n\t\t\t\t\t\t<div class=\"elementor-element elementor-element-8562f96 elementor-widget elementor-widget-heading\" data-id=\"8562f96\" data-element_type=\"widget\" data-widget_type=\"heading.default\">\n\t\t\t\t<div class=\"elementor-widget-container\">\n\t\t\t\t\t<h2 class=\"elementor-heading-title elementor-size-default\">Practical skills\n<\/h2>\t\t\t\t<\/div>\n\t\t\t\t<\/div>\n\t\t\t\t<div class=\"elementor-element elementor-element-2f1c944 elementor-widget elementor-widget-text-editor\" data-id=\"2f1c944\" data-element_type=\"widget\" data-widget_type=\"text-editor.default\">\n\t\t\t\t<div class=\"elementor-widget-container\">\n\t\t\t\t\t\t\t\t\t<p>The whole point of the school is to give students hands-on experience of working in advertising agencies during the training sessions and in preparation for the competitions. During the lessons, we work in teams to create campaigns based on given criteria, analysing advertisements from well-known brands from the very first lessons and developing our own ideas.<\/p><p>You'll learn practical skills in a professional environment, in a relaxed atmosphere where you're no longer alone, with enthusiastic partners waiting to create with you. At the end of the year, you'll create your own portfolio of work, which will be a great help when applying to agencies.<\/p><p>Welcome to our classes!<\/p>\t\t\t\t\t\t\t\t<\/div>\n\t\t\t\t<\/div>\n\t\t\t\t\t<\/div>\n\t\t<\/div>\n\t\t\t\t\t<\/div>\n\t\t<\/section>\n\t\t\t\t<\/div>","protected":false},"excerpt":{"rendered":"<p>Hozz ki t\u00f6bbet magadb\u00f3l! A Badschool di\u00e1kjai kiemelked\u0151 sikerekkel szerepelnek a hazai kreat\u00edv versenyeken, \u00e9s rendszeresen indulnak olyan nemzetk\u00f6zi megm\u00e9rettet\u00e9seken is, mint a D&amp;AD New Blood. \u00a0Minden \u00e9vben t\u00f6bb \u00a0di\u00e1kunk is el tud helyezkedni az iskol\u00e1ban szerzett portf\u00f3li\u00f3ja alapj\u00e1n h\u00e1l\u00f3zati vagy nagy magyar \u00fcgyn\u00f6ks\u00e9gekn\u00e9l. Az iskola szakmai vezet\u0151je Russel Skidmore kreat\u00edvigazgat\u00f3, aki Londonban, Amszterdamban \u00e9s [&hellip;]<\/p>","protected":false},"author":2,"featured_media":0,"parent":0,"menu_order":0,"comment_status":"closed","ping_status":"closed","template":"","meta":{"footnotes":""},"class_list":["post-726","page","type-page","status-publish","hentry"],"_links":{"self":[{"href":"https:\/\/adschool.hu\/en\/wp-json\/wp\/v2\/pages\/726","targetHints":{"allow":["GET"]}}],"collection":[{"href":"https:\/\/adschool.hu\/en\/wp-json\/wp\/v2\/pages"}],"about":[{"href":"https:\/\/adschool.hu\/en\/wp-json\/wp\/v2\/types\/page"}],"author":[{"embeddable":true,"href":"https:\/\/adschool.hu\/en\/wp-json\/wp\/v2\/users\/2"}],"replies":[{"embeddable":true,"href":"https:\/\/adschool.hu\/en\/wp-json\/wp\/v2\/comments?post=726"}],"version-history":[{"count":46,"href":"https:\/\/adschool.hu\/en\/wp-json\/wp\/v2\/pages\/726\/revisions"}],"predecessor-version":[{"id":1827,"href":"https:\/\/adschool.hu\/en\/wp-json\/wp\/v2\/pages\/726\/revisions\/1827"}],"wp:attachment":[{"href":"https:\/\/adschool.hu\/en\/wp-json\/wp\/v2\/media?parent=726"}],"curies":[{"name":"wp","href":"https:\/\/api.w.org\/{rel}","templated":true}]}}