{"id":751,"date":"2023-03-26T19:23:46","date_gmt":"2023-03-26T17:23:46","guid":{"rendered":"https:\/\/adschool.hu\/?page_id=751"},"modified":"2023-04-02T10:49:06","modified_gmt":"2023-04-02T08:49:06","slug":"impresszum","status":"publish","type":"page","link":"https:\/\/adschool.hu\/en\/impresszum\/","title":{"rendered":"Legal"},"content":{"rendered":"<div data-elementor-type=\"wp-page\" data-elementor-id=\"751\" class=\"elementor elementor-751\" data-elementor-post-type=\"page\">\n\t\t\t\t\t\t<section class=\"elementor-section elementor-top-section elementor-element elementor-element-0c95523 elementor-section-boxed elementor-section-height-default elementor-section-height-default\" data-id=\"0c95523\" data-element_type=\"section\" data-settings=\"{&quot;background_background&quot;:&quot;classic&quot;,&quot;jet_parallax_layout_list&quot;:[]}\">\n\t\t\t\t\t\t<div class=\"elementor-container elementor-column-gap-default\">\n\t\t\t\t\t<div class=\"elementor-column elementor-col-100 elementor-top-column elementor-element elementor-element-1eb7cd6\" data-id=\"1eb7cd6\" data-element_type=\"column\" data-settings=\"{&quot;background_background&quot;:&quot;classic&quot;}\">\n\t\t\t<div class=\"elementor-widget-wrap elementor-element-populated\">\n\t\t\t\t\t<div class=\"elementor-background-overlay\"><\/div>\n\t\t\t\t\t\t<section class=\"elementor-section elementor-inner-section elementor-element elementor-element-11cdf40 elementor-section-boxed elementor-section-height-default elementor-section-height-default\" data-id=\"11cdf40\" data-element_type=\"section\" data-settings=\"{&quot;jet_parallax_layout_list&quot;:[]}\">\n\t\t\t\t\t\t<div class=\"elementor-container elementor-column-gap-default\">\n\t\t\t\t\t<div class=\"elementor-column elementor-col-100 elementor-inner-column elementor-element elementor-element-a06b015\" data-id=\"a06b015\" data-element_type=\"column\">\n\t\t\t<div class=\"elementor-widget-wrap elementor-element-populated\">\n\t\t\t\t\t\t<div class=\"elementor-element elementor-element-c41038e elementor-invisible elementor-widget elementor-widget-heading\" data-id=\"c41038e\" data-element_type=\"widget\" data-settings=\"{&quot;_animation&quot;:&quot;fadeInUp&quot;}\" data-widget_type=\"heading.default\">\n\t\t\t\t<div class=\"elementor-widget-container\">\n\t\t\t\t\t<h1 class=\"elementor-heading-title elementor-size-default\">Legal<\/h1>\t\t\t\t<\/div>\n\t\t\t\t<\/div>\n\t\t\t\t\t<\/div>\n\t\t<\/div>\n\t\t\t\t\t<\/div>\n\t\t<\/section>\n\t\t\t\t\t<\/div>\n\t\t<\/div>\n\t\t\t\t\t<\/div>\n\t\t<\/section>\n\t\t\t\t<section class=\"elementor-section elementor-top-section elementor-element elementor-element-fcfde2e elementor-section-boxed elementor-section-height-default elementor-section-height-default\" data-id=\"fcfde2e\" data-element_type=\"section\" data-settings=\"{&quot;background_background&quot;:&quot;classic&quot;,&quot;jet_parallax_layout_list&quot;:[]}\">\n\t\t\t\t\t\t<div class=\"elementor-container elementor-column-gap-default\">\n\t\t\t\t\t<div class=\"elementor-column elementor-col-100 elementor-top-column elementor-element elementor-element-bbe464e\" data-id=\"bbe464e\" data-element_type=\"column\">\n\t\t\t<div class=\"elementor-widget-wrap elementor-element-populated\">\n\t\t\t\t\t\t<div class=\"elementor-element elementor-element-7cbabfa elementor-widget elementor-widget-text-editor\" data-id=\"7cbabfa\" data-element_type=\"widget\" data-widget_type=\"text-editor.default\">\n\t\t\t\t<div class=\"elementor-widget-container\">\n\t\t\t\t\t\t\t\t\t<p>Responsible for the professional content Badschool Kreat\u00edv Rekl\u00e1miskola Korl\u00e1tolt Felel\u0151ss\u00e9g\u0171 T\u00e1rsas\u00e1g, 1145 Budapest, Amerikai \u00fat 39 1\/2<\/p><p>Cg: 01 09 971238,<\/p><p>23557716-2-42.<\/p><p>Represented by: Zolt\u00e1n Gergely<\/p><p>E-mail: bettina.fuleki@adschool.hu<\/p><p>Phone +36304452553<\/p><p>The training is provided by Pannon Akad\u00e9mia Kft, 1056 Budapest, V\u00e1ci u. 47. Company registration number: 01-09-280366<\/p><p>SM Course registration number: B\/2020\/001637<\/p>\t\t\t\t\t\t\t\t<\/div>\n\t\t\t\t<\/div>\n\t\t\t\t\t<\/div>\n\t\t<\/div>\n\t\t\t\t\t<\/div>\n\t\t<\/section>\n\t\t\t\t<\/div>","protected":false},"excerpt":{"rendered":"<p>A szakmai tartalom\u00e9rt felel: Badschool Kreat\u00edv Rekl\u00e1miskola Korl\u00e1tolt Felel\u0151ss\u00e9g\u0171 T\u00e1rsas\u00e1g, 1145 Budapest, Columbus utca 69\/a. 3. em. 2., Cg: 01 09 971238, 23557716-2-42. K\u00e9pviseli: Gergely Zolt\u00e1n E-mail: bettina.fuleki@adschool.hu Telefon: 30 4452553 A k\u00e9pz\u00e9sek lebonyol\u00edt\u00f3ja a Pannon Akad\u00e9mia Kft,\u00a01056 Budapest, V\u00e1ci u. 47. \u00a0 C\u00e9gjegyz\u00e9ksz\u00e1m:\u00a001-09-280366 SM tanfolyam nyilv\u00e1ntart\u00e1sba v\u00e9teli sz\u00e1ma:\u00a0B\/2020\/001637<\/p>","protected":false},"author":2,"featured_media":0,"parent":0,"menu_order":0,"comment_status":"closed","ping_status":"closed","template":"","meta":{"footnotes":""},"class_list":["post-751","page","type-page","status-publish","hentry"],"_links":{"self":[{"href":"https:\/\/adschool.hu\/en\/wp-json\/wp\/v2\/pages\/751","targetHints":{"allow":["GET"]}}],"collection":[{"href":"https:\/\/adschool.hu\/en\/wp-json\/wp\/v2\/pages"}],"about":[{"href":"https:\/\/adschool.hu\/en\/wp-json\/wp\/v2\/types\/page"}],"author":[{"embeddable":true,"href":"https:\/\/adschool.hu\/en\/wp-json\/wp\/v2\/users\/2"}],"replies":[{"embeddable":true,"href":"https:\/\/adschool.hu\/en\/wp-json\/wp\/v2\/comments?post=751"}],"version-history":[{"count":19,"href":"https:\/\/adschool.hu\/en\/wp-json\/wp\/v2\/pages\/751\/revisions"}],"predecessor-version":[{"id":2021,"href":"https:\/\/adschool.hu\/en\/wp-json\/wp\/v2\/pages\/751\/revisions\/2021"}],"wp:attachment":[{"href":"https:\/\/adschool.hu\/en\/wp-json\/wp\/v2\/media?parent=751"}],"curies":[{"name":"wp","href":"https:\/\/api.w.org\/{rel}","templated":true}]}}