{"id":760,"date":"2023-03-26T19:26:08","date_gmt":"2023-03-26T17:26:08","guid":{"rendered":"https:\/\/adschool.hu\/?page_id=760"},"modified":"2023-04-02T10:49:10","modified_gmt":"2023-04-02T08:49:10","slug":"adatvedelem","status":"publish","type":"page","link":"https:\/\/adschool.hu\/en\/adatvedelem\/","title":{"rendered":"Privacy Policy"},"content":{"rendered":"<div data-elementor-type=\"wp-page\" data-elementor-id=\"760\" class=\"elementor elementor-760\" data-elementor-post-type=\"page\">\n\t\t\t\t\t\t<section class=\"elementor-section elementor-top-section elementor-element elementor-element-28e74e1 elementor-section-boxed elementor-section-height-default elementor-section-height-default\" data-id=\"28e74e1\" data-element_type=\"section\" data-settings=\"{&quot;background_background&quot;:&quot;classic&quot;,&quot;jet_parallax_layout_list&quot;:[]}\">\n\t\t\t\t\t\t<div class=\"elementor-container elementor-column-gap-default\">\n\t\t\t\t\t<div class=\"elementor-column elementor-col-100 elementor-top-column elementor-element elementor-element-40654d6\" data-id=\"40654d6\" data-element_type=\"column\" data-settings=\"{&quot;background_background&quot;:&quot;classic&quot;}\">\n\t\t\t<div class=\"elementor-widget-wrap elementor-element-populated\">\n\t\t\t\t\t<div class=\"elementor-background-overlay\"><\/div>\n\t\t\t\t\t\t<section class=\"elementor-section elementor-inner-section elementor-element elementor-element-6b90b00 elementor-section-boxed elementor-section-height-default elementor-section-height-default\" data-id=\"6b90b00\" data-element_type=\"section\" data-settings=\"{&quot;jet_parallax_layout_list&quot;:[]}\">\n\t\t\t\t\t\t<div class=\"elementor-container elementor-column-gap-default\">\n\t\t\t\t\t<div class=\"elementor-column elementor-col-100 elementor-inner-column elementor-element elementor-element-338c303\" data-id=\"338c303\" data-element_type=\"column\">\n\t\t\t<div class=\"elementor-widget-wrap elementor-element-populated\">\n\t\t\t\t\t\t<div class=\"elementor-element elementor-element-010d38b elementor-invisible elementor-widget elementor-widget-heading\" data-id=\"010d38b\" data-element_type=\"widget\" data-settings=\"{&quot;_animation&quot;:&quot;fadeInUp&quot;}\" data-widget_type=\"heading.default\">\n\t\t\t\t<div class=\"elementor-widget-container\">\n\t\t\t\t\t<h1 class=\"elementor-heading-title elementor-size-default\">Privacy Policy<\/h1>\t\t\t\t<\/div>\n\t\t\t\t<\/div>\n\t\t\t\t\t<\/div>\n\t\t<\/div>\n\t\t\t\t\t<\/div>\n\t\t<\/section>\n\t\t\t\t\t<\/div>\n\t\t<\/div>\n\t\t\t\t\t<\/div>\n\t\t<\/section>\n\t\t\t\t<section class=\"elementor-section elementor-top-section elementor-element elementor-element-54c6a2f elementor-section-content-middle elementor-section-boxed elementor-section-height-default elementor-section-height-default\" data-id=\"54c6a2f\" data-element_type=\"section\" data-settings=\"{&quot;background_background&quot;:&quot;classic&quot;,&quot;background_motion_fx_motion_fx_scrolling&quot;:&quot;yes&quot;,&quot;background_motion_fx_translateY_effect&quot;:&quot;yes&quot;,&quot;background_motion_fx_translateY_direction&quot;:&quot;negative&quot;,&quot;jet_parallax_layout_list&quot;:[],&quot;background_motion_fx_translateY_speed&quot;:{&quot;unit&quot;:&quot;px&quot;,&quot;size&quot;:4,&quot;sizes&quot;:[]},&quot;background_motion_fx_translateY_affectedRange&quot;:{&quot;unit&quot;:&quot;%&quot;,&quot;size&quot;:&quot;&quot;,&quot;sizes&quot;:{&quot;start&quot;:0,&quot;end&quot;:100}},&quot;background_motion_fx_devices&quot;:[&quot;desktop&quot;,&quot;tablet&quot;,&quot;mobile&quot;]}\">\n\t\t\t\t\t\t\t<div class=\"elementor-background-overlay\"><\/div>\n\t\t\t\t\t\t\t<div class=\"elementor-container elementor-column-gap-no\">\n\t\t\t\t\t<div class=\"elementor-column elementor-col-100 elementor-top-column elementor-element elementor-element-82e4ce1\" data-id=\"82e4ce1\" data-element_type=\"column\">\n\t\t\t<div class=\"elementor-widget-wrap elementor-element-populated\">\n\t\t\t\t\t\t<div class=\"elementor-element elementor-element-c9d6343 elementor-widget elementor-widget-text-editor\" data-id=\"c9d6343\" data-element_type=\"widget\" data-widget_type=\"text-editor.default\">\n\t\t\t\t<div class=\"elementor-widget-container\">\n\t\t\t\t\t\t\t\t\t<p>The website adschool.hu (hereinafter referred to as the Website) is operated by Badschool Kft. (hereinafter referred to as the Data Controller).<\/p><p>When using the Website, the Data Controller shall treat the personal data provided to it confidentially and shall not disclose it to third parties without the prior written consent of the user. Technical information (IP address, duration of visit, etc.) is recorded during the browsing of the Website for statistical purposes. The Data Controller will disclose this data to the authorities only in cases justified and supported by legally valid reasons.<\/p><p>To use the service fully, cookies must be enabled. If you do not wish to allow the use of cookies, you can disable them in your browser settings. (A cookie is a file sent by the server to the user's browser and stored on the user's computer. No personal data is stored in the cookie.)<\/p><p>The data provided during the subscription to the newsletter provided during the browsing of the Website will be treated confidentially by the Data Controller, the possibility to unsubscribe is provided at the bottom of each newsletter sent, and can be requested at one of the contact details provided. You can request the deletion of your data at any time. To do so, please contact us\u00a0<a href=\"https:\/\/adschool.hu\/en\/kapcsolat\/\">az \u0171rlapon<\/a>\u00a0tal\u00e1lhat\u00f3 mez\u0151k kit\u00f6lt\u00e9s\u00e9vel vagy e-mailen.<\/p><p>In matters not covered by this declaration, we shall act in accordance with the provisions of Act LXIII of 1992 on the protection of personal data and the disclosure of data of public interest, the Civil Code and Act CVIII of 2001 on certain issues of information society services.<\/p><p>By browsing the pages of the Website, you accept our Privacy Policy.<\/p>\t\t\t\t\t\t\t\t<\/div>\n\t\t\t\t<\/div>\n\t\t\t\t\t<\/div>\n\t\t<\/div>\n\t\t\t\t\t<\/div>\n\t\t<\/section>\n\t\t\t\t<\/div>","protected":false},"excerpt":{"rendered":"<p>A adschool.hu honlap (tov\u00e1bbiakban Honlap) \u00fczemeltet\u0151je a Badschool Kft. (tov\u00e1bbiakban Adatkezel\u0151). A Honlap haszn\u00e1lata sor\u00e1n az Adatkezel\u0151 a rendelkez\u00e9s\u00e9re bocs\u00e1tott szem\u00e9lyes adatokat bizalmasan kezeli, \u00e9s a felhaszn\u00e1l\u00f3 el\u0151zetes \u00edr\u00e1sbeli enged\u00e9lye n\u00e9lk\u00fcl harmadik f\u00e9l sz\u00e1m\u00e1ra nem adja ki. A Honlap b\u00f6ng\u00e9sz\u00e9se folyam\u00e1n technikai inform\u00e1ci\u00f3k ker\u00fclnek r\u00f6gz\u00edt\u00e9se statisztikai c\u00e9lokb\u00f3l. (IP c\u00edm, l\u00e1togat\u00e1s id\u0151tartama, stb). Ezen adatokat Adatkezel\u0151 [&hellip;]<\/p>","protected":false},"author":2,"featured_media":0,"parent":0,"menu_order":0,"comment_status":"closed","ping_status":"closed","template":"","meta":{"footnotes":""},"class_list":["post-760","page","type-page","status-publish","hentry"],"_links":{"self":[{"href":"https:\/\/adschool.hu\/en\/wp-json\/wp\/v2\/pages\/760","targetHints":{"allow":["GET"]}}],"collection":[{"href":"https:\/\/adschool.hu\/en\/wp-json\/wp\/v2\/pages"}],"about":[{"href":"https:\/\/adschool.hu\/en\/wp-json\/wp\/v2\/types\/page"}],"author":[{"embeddable":true,"href":"https:\/\/adschool.hu\/en\/wp-json\/wp\/v2\/users\/2"}],"replies":[{"embeddable":true,"href":"https:\/\/adschool.hu\/en\/wp-json\/wp\/v2\/comments?post=760"}],"version-history":[{"count":13,"href":"https:\/\/adschool.hu\/en\/wp-json\/wp\/v2\/pages\/760\/revisions"}],"predecessor-version":[{"id":2024,"href":"https:\/\/adschool.hu\/en\/wp-json\/wp\/v2\/pages\/760\/revisions\/2024"}],"wp:attachment":[{"href":"https:\/\/adschool.hu\/en\/wp-json\/wp\/v2\/media?parent=760"}],"curies":[{"name":"wp","href":"https:\/\/api.w.org\/{rel}","templated":true}]}}