{"id":768,"date":"2023-03-26T19:27:16","date_gmt":"2023-03-26T17:27:16","guid":{"rendered":"https:\/\/adschool.hu\/?page_id=768"},"modified":"2023-04-05T21:24:18","modified_gmt":"2023-04-05T19:24:18","slug":"suti-nyilatkozat","status":"publish","type":"page","link":"https:\/\/adschool.hu\/en\/suti-nyilatkozat\/","title":{"rendered":"Cookies"},"content":{"rendered":"<div data-elementor-type=\"wp-page\" data-elementor-id=\"768\" class=\"elementor elementor-768\" data-elementor-post-type=\"page\">\n\t\t\t\t\t\t<section class=\"elementor-section elementor-top-section elementor-element elementor-element-40b3d05 elementor-section-boxed elementor-section-height-default elementor-section-height-default\" data-id=\"40b3d05\" data-element_type=\"section\" data-settings=\"{&quot;background_background&quot;:&quot;classic&quot;,&quot;jet_parallax_layout_list&quot;:[]}\">\n\t\t\t\t\t\t<div class=\"elementor-container elementor-column-gap-default\">\n\t\t\t\t\t<div class=\"elementor-column elementor-col-100 elementor-top-column elementor-element elementor-element-4381eea\" data-id=\"4381eea\" data-element_type=\"column\" data-settings=\"{&quot;background_background&quot;:&quot;classic&quot;}\">\n\t\t\t<div class=\"elementor-widget-wrap elementor-element-populated\">\n\t\t\t\t\t<div class=\"elementor-background-overlay\"><\/div>\n\t\t\t\t\t\t<section class=\"elementor-section elementor-inner-section elementor-element elementor-element-279f424 elementor-section-boxed elementor-section-height-default elementor-section-height-default\" data-id=\"279f424\" data-element_type=\"section\" data-settings=\"{&quot;jet_parallax_layout_list&quot;:[]}\">\n\t\t\t\t\t\t<div class=\"elementor-container elementor-column-gap-default\">\n\t\t\t\t\t<div class=\"elementor-column elementor-col-100 elementor-inner-column elementor-element elementor-element-16f77ee\" data-id=\"16f77ee\" data-element_type=\"column\">\n\t\t\t<div class=\"elementor-widget-wrap elementor-element-populated\">\n\t\t\t\t\t\t<div class=\"elementor-element elementor-element-eb3991b elementor-invisible elementor-widget elementor-widget-heading\" data-id=\"eb3991b\" data-element_type=\"widget\" data-settings=\"{&quot;_animation&quot;:&quot;fadeInUp&quot;}\" data-widget_type=\"heading.default\">\n\t\t\t\t<div class=\"elementor-widget-container\">\n\t\t\t\t\t<h1 class=\"elementor-heading-title elementor-size-default\">Cookies<\/h1>\t\t\t\t<\/div>\n\t\t\t\t<\/div>\n\t\t\t\t\t<\/div>\n\t\t<\/div>\n\t\t\t\t\t<\/div>\n\t\t<\/section>\n\t\t\t\t\t<\/div>\n\t\t<\/div>\n\t\t\t\t\t<\/div>\n\t\t<\/section>\n\t\t\t\t<section class=\"elementor-section elementor-top-section elementor-element elementor-element-f3aaff1 elementor-section-content-middle elementor-section-boxed elementor-section-height-default elementor-section-height-default\" data-id=\"f3aaff1\" data-element_type=\"section\" data-settings=\"{&quot;background_background&quot;:&quot;classic&quot;,&quot;background_motion_fx_motion_fx_scrolling&quot;:&quot;yes&quot;,&quot;background_motion_fx_translateY_effect&quot;:&quot;yes&quot;,&quot;background_motion_fx_translateY_direction&quot;:&quot;negative&quot;,&quot;jet_parallax_layout_list&quot;:[],&quot;background_motion_fx_translateY_speed&quot;:{&quot;unit&quot;:&quot;px&quot;,&quot;size&quot;:4,&quot;sizes&quot;:[]},&quot;background_motion_fx_translateY_affectedRange&quot;:{&quot;unit&quot;:&quot;%&quot;,&quot;size&quot;:&quot;&quot;,&quot;sizes&quot;:{&quot;start&quot;:0,&quot;end&quot;:100}},&quot;background_motion_fx_devices&quot;:[&quot;desktop&quot;,&quot;tablet&quot;,&quot;mobile&quot;]}\">\n\t\t\t\t\t\t\t<div class=\"elementor-background-overlay\"><\/div>\n\t\t\t\t\t\t\t<div class=\"elementor-container elementor-column-gap-no\">\n\t\t\t\t\t<div class=\"elementor-column elementor-col-100 elementor-top-column elementor-element elementor-element-dbffa93\" data-id=\"dbffa93\" data-element_type=\"column\">\n\t\t\t<div class=\"elementor-widget-wrap elementor-element-populated\">\n\t\t\t\t\t\t<div class=\"elementor-element elementor-element-fb18e08 elementor-widget elementor-widget-text-editor\" data-id=\"fb18e08\" data-element_type=\"widget\" data-widget_type=\"text-editor.default\">\n\t\t\t\t<div class=\"elementor-widget-container\">\n\t\t\t\t\t\t\t\t\t<p><strong>What are cookies? <\/strong><\/p><p class=\"translation-block\">This Cookie Policy explains what cookies are and how we use them, the types of cookies we use, what information we collect through cookies and how we use that information, and how you can manage your cookie settings.<br>Cookies are small text files that are used to store small pieces of information. They are stored on your device when the website loads in your browser. These cookies help us to make the website work properly, make it safer, provide a better user experience, understand how the website works and analyse what works and where improvements are needed.<\/p><p><strong>How do we use cookies?<\/strong><\/p><p>Like most online services, our website uses first and third party cookies for a number of purposes. First party cookies are mostly necessary for the proper functioning of the website and do not collect any personal data.<br \/>The third-party cookies used on our website are mainly used to understand how the website works, how you interact with our website, to keep our services secure, to provide you with relevant advertising, and overall to provide you with a better and improved user experience and help speed up your future interactions with our website.<\/p><p><strong>Types of cookies we use<\/strong>\u00a0<\/p><p>Manage cookie settings Cookie settings You can change your cookie settings at any time by clicking the button above. This allows you to revisit the cookie consent banner and change your preferences or withdraw your consent immediately.<br \/>In addition, browsers provide various methods for blocking and deleting cookies used by websites. You can change your browser settings to block\/delete cookies. Below are links to supporting documents on how to manage and delete cookies in the main web browsers.<br \/>Chrome: https:\/\/support.google.com\/accounts\/answer\/32050<br \/>Safari: https:\/\/support.apple.com\/en-in\/guide\/safari\/sfri11471\/mac<br \/>Firefox: https:\/\/support.mozilla.org\/en-US\/kb\/clear-cookies-and-site-data-firefox?redirectslug=delete-cookies-remove-info-websites-stored&amp;amp;redirectlocale=en-US<br \/>Internet Explorer: https:\/\/support.microsoft.com\/en-us\/topic\/how-to-delete-cookie-files-in-internet-explorer-bca9446f-d873-78de-77ba-d42645fa52fc<br \/>If you use a different web browser, please visit the official support documentation for your browser.<\/p>\t\t\t\t\t\t\t\t<\/div>\n\t\t\t\t<\/div>\n\t\t\t\t\t<\/div>\n\t\t<\/div>\n\t\t\t\t\t<\/div>\n\t\t<\/section>\n\t\t\t\t<\/div>","protected":false},"excerpt":{"rendered":"<p>Mik azok a s\u00fctik? Ez a Cookie-szab\u00e1lyzat elmagyar\u00e1zza, hogy mik azok a cookie-k \u00e9s hogyan haszn\u00e1ljuk \u0151ket, milyen t\u00edpus\u00fa cookie-kat haszn\u00e1lunk, azaz milyen inform\u00e1ci\u00f3kat gy\u0171jt\u00fcnk a cookie-k seg\u00edts\u00e9g\u00e9vel \u00e9s hogyan haszn\u00e1ljuk fel ezeket az inform\u00e1ci\u00f3kat, valamint hogyan kezelheti a cookie-be\u00e1ll\u00edt\u00e1sokat.A cookie-k kis sz\u00f6veges f\u00e1jlok, amelyek kis inform\u00e1ci\u00f3k t\u00e1rol\u00e1s\u00e1ra szolg\u00e1lnak. Akkor t\u00e1rol\u00f3dnak az \u00d6n eszk\u00f6z\u00e9n, amikor [&hellip;]<\/p>","protected":false},"author":2,"featured_media":0,"parent":0,"menu_order":0,"comment_status":"closed","ping_status":"closed","template":"","meta":{"footnotes":""},"class_list":["post-768","page","type-page","status-publish","hentry"],"_links":{"self":[{"href":"https:\/\/adschool.hu\/en\/wp-json\/wp\/v2\/pages\/768","targetHints":{"allow":["GET"]}}],"collection":[{"href":"https:\/\/adschool.hu\/en\/wp-json\/wp\/v2\/pages"}],"about":[{"href":"https:\/\/adschool.hu\/en\/wp-json\/wp\/v2\/types\/page"}],"author":[{"embeddable":true,"href":"https:\/\/adschool.hu\/en\/wp-json\/wp\/v2\/users\/2"}],"replies":[{"embeddable":true,"href":"https:\/\/adschool.hu\/en\/wp-json\/wp\/v2\/comments?post=768"}],"version-history":[{"count":16,"href":"https:\/\/adschool.hu\/en\/wp-json\/wp\/v2\/pages\/768\/revisions"}],"predecessor-version":[{"id":2308,"href":"https:\/\/adschool.hu\/en\/wp-json\/wp\/v2\/pages\/768\/revisions\/2308"}],"wp:attachment":[{"href":"https:\/\/adschool.hu\/en\/wp-json\/wp\/v2\/media?parent=768"}],"curies":[{"name":"wp","href":"https:\/\/api.w.org\/{rel}","templated":true}]}}