{"id":953,"date":"2023-03-30T20:06:42","date_gmt":"2023-03-30T18:06:42","guid":{"rendered":"https:\/\/adschool.hu\/?page_id=953"},"modified":"2025-03-29T01:36:50","modified_gmt":"2025-03-29T00:36:50","slug":"kreativ-dijak","status":"publish","type":"page","link":"https:\/\/adschool.hu\/en\/kreativ-dijak\/","title":{"rendered":"Di\u00e1kok kreat\u00edv d\u00edjai"},"content":{"rendered":"<div data-elementor-type=\"wp-page\" data-elementor-id=\"953\" class=\"elementor elementor-953\" data-elementor-post-type=\"page\">\n\t\t\t\t\t\t<section class=\"elementor-section elementor-top-section elementor-element elementor-element-17ee9d6 elementor-section-boxed elementor-section-height-default elementor-section-height-default\" data-id=\"17ee9d6\" data-element_type=\"section\" data-settings=\"{&quot;background_background&quot;:&quot;classic&quot;,&quot;jet_parallax_layout_list&quot;:[]}\">\n\t\t\t\t\t\t<div class=\"elementor-container elementor-column-gap-default\">\n\t\t\t\t\t<div class=\"elementor-column elementor-col-100 elementor-top-column elementor-element elementor-element-7009f8c\" data-id=\"7009f8c\" data-element_type=\"column\" data-settings=\"{&quot;background_background&quot;:&quot;classic&quot;}\">\n\t\t\t<div class=\"elementor-widget-wrap elementor-element-populated\">\n\t\t\t\t\t<div class=\"elementor-background-overlay\"><\/div>\n\t\t\t\t\t\t<section class=\"elementor-section elementor-inner-section elementor-element elementor-element-f4601f2 elementor-section-boxed elementor-section-height-default elementor-section-height-default\" data-id=\"f4601f2\" data-element_type=\"section\" data-settings=\"{&quot;jet_parallax_layout_list&quot;:[]}\">\n\t\t\t\t\t\t<div class=\"elementor-container elementor-column-gap-default\">\n\t\t\t\t\t<div class=\"elementor-column elementor-col-100 elementor-inner-column elementor-element elementor-element-ad5cca5\" data-id=\"ad5cca5\" data-element_type=\"column\">\n\t\t\t<div class=\"elementor-widget-wrap elementor-element-populated\">\n\t\t\t\t\t\t<div class=\"elementor-element elementor-element-7832b64 elementor-invisible elementor-widget elementor-widget-heading\" data-id=\"7832b64\" data-element_type=\"widget\" data-settings=\"{&quot;_animation&quot;:&quot;fadeInUp&quot;}\" data-widget_type=\"heading.default\">\n\t\t\t\t<div class=\"elementor-widget-container\">\n\t\t\t\t\t<h1 class=\"elementor-heading-title elementor-size-default\">Di\u00e1kok kreat\u00edv d\u00edjai<\/h1>\t\t\t\t<\/div>\n\t\t\t\t<\/div>\n\t\t\t\t\t<\/div>\n\t\t<\/div>\n\t\t\t\t\t<\/div>\n\t\t<\/section>\n\t\t\t\t\t<\/div>\n\t\t<\/div>\n\t\t\t\t\t<\/div>\n\t\t<\/section>\n\t\t\t\t<section class=\"elementor-section elementor-top-section elementor-element elementor-element-322fda8 elementor-section-content-middle elementor-section-boxed elementor-section-height-default elementor-section-height-default\" data-id=\"322fda8\" data-element_type=\"section\" data-settings=\"{&quot;jet_parallax_layout_list&quot;:[]}\">\n\t\t\t\t\t\t<div class=\"elementor-container elementor-column-gap-no\">\n\t\t\t\t\t<div class=\"elementor-column elementor-col-100 elementor-top-column elementor-element elementor-element-50fab93\" data-id=\"50fab93\" data-element_type=\"column\">\n\t\t\t<div class=\"elementor-widget-wrap elementor-element-populated\">\n\t\t\t\t\t\t<div class=\"elementor-element elementor-element-84e2a3c elementor-widget elementor-widget-text-editor\" data-id=\"84e2a3c\" data-element_type=\"widget\" data-widget_type=\"text-editor.default\">\n\t\t\t\t<div class=\"elementor-widget-container\">\n\t\t\t\t\t\t\t\t\t<h2>AWARDS<\/h2>\n<h3>Since 2010, students from our school have achieved top placings in many student creative competitions in Hungary.<\/h3>\n<div>2025.&nbsp;<span style=\"caret-color: rgb(8, 8, 9); color: rgb(8, 8, 9); font-family: system-ui, -apple-system, BlinkMacSystemFont, &quot;.SFNSText-Regular&quot;, sans-serif; font-size: 15px; white-space: pre-wrap; font-style: var( --e-global-typography-802bbe5-font-style ); letter-spacing: var( --e-global-typography-802bbe5-letter-spacing ); word-spacing: var( --e-global-typography-802bbe5-word-spacing );\">Big Agency Tastingen (r\u00e9gebben Portfolio nights) <\/span><span style=\"caret-color: rgb(8, 8, 9); color: rgb(8, 8, 9); font-family: system-ui, -apple-system, BlinkMacSystemFont, &quot;.SFNSText-Regular&quot;, sans-serif; font-size: 15px; white-space: pre-wrap; font-style: var( --e-global-typography-802bbe5-font-style ); letter-spacing: var( --e-global-typography-802bbe5-letter-spacing ); word-spacing: var( --e-global-typography-802bbe5-word-spacing );\">R\u00f6nky \u00c1d\u00e1m sz\u00f6veg\u00edr\u00f3 portf\u00f3li\u00f3j\u00e1val a Medi\u00e1torn\u00e1l \u00e9s az ACG-n\u00e9l, Turi Andr\u00e1s pedig a DDB-n\u00e9l kapta meg a leg\u00edg\u00e9retesebb portfoli\u00f3 d\u00edj\u00e1t. <\/span><\/div>\n<div><br><\/div>\n<p>2016. Bal\u00e1zs Budav\u00e1ri won first place in the Print category at the Cannes Young Lions Preliminary and represented Hungary at the Cannes competition.<\/p>\n<p>2015 - Our student Zsanett Andresin won second place in the Young Marketer category at the Cannes Young Lions Preliminary round with her work for the Budapest Innovation Brief.<\/p>\n<hr>\n<p>2014. 14. ARC k\u00f6z\u00e9rzeti ki\u00e1ll\u00edt\u00e1s<br>Szinovszki L\u00e9na \u00e9s Szamosi L\u00e1szl\u00f3 \u2013 Borz D\u00edj, a&nbsp;<a href=\"https:\/\/www.youtube.com\/watch?v=-0zMaPjmomk#t=169\" target=\"_blank\" rel=\"noopener\">legked\u00e9lyborzol\u00f3bb alkot\u00e1s<\/a><\/p>\n<hr>\n<p>2014. Portfolio Nights<\/p>\n<p>Szinovszki L\u00e9na \u2013 2. helyezett<\/p>\n<hr>\n<p>2013. Portfolio Nights<\/p>\n<p>Bacskai Istv\u00e1n \u2013 shortlist 2. helyezett<\/p>\n<hr>\n<p>2012. Aranypenge EPA&nbsp;MEDIA&nbsp;OUTDOOR AWARDS<\/p>\n<p>Czifra Anett \u2013 Hangyafarm p\u00e1lyamunka 3. helyezett<\/p>\n<hr>\n<p>2012. Nemes Juli d\u00edj<\/p>\n<p>2. helyezett \u2013 Kazinczy Eszter<\/p>\n<hr>\n<p>2011. Absolut Vodka \u2013 Absolut Mode Design p\u00e1ly\u00e1zat<\/p>\n<p>1. helyezett \u2013 Kis Anik\u00f3, Krajcsi Norbert<\/p>\n<p>2. helyezett \u2013 F\u00fcrst \u00c1d\u00e1m, Sebes Mikl\u00f3s<\/p>\n<p>3. helyezett \u2013 K\u00e1lazi Istv\u00e1n<\/p>\n<hr>\n<p>2011. Merck-Kreat\u00edv Di\u00e1krekl\u00e1m Verseny<\/p>\n<p>Film Kateg\u00f3ria<\/p>\n<p>1. helyezett \u2013 Kov\u00e1cs Zolt\u00e1n, T\u00f3th J\u00e1nos Csaba<\/p>\n<p>Print Kateg\u00f3ria<\/p>\n<p>2. helyezett \u2013 Krausz Andrea<\/p>\n<hr>\n<p>2011. Z\u00f6ld Ifj\u00fa Penge<br>Szakmai Zs\u0171ri \u2013 1. helyezett \u2013 Kazinczy Eszter<\/p>\n<hr>\n<p>2010. Young Cannes Lion Hungary<\/p>\n<p>1st place - Eszter Kazinczy<\/p>\n<h2>KEEP UP THE CREATIVE SUCCESS STORY!<\/h2>\t\t\t\t\t\t\t\t<\/div>\n\t\t\t\t<\/div>\n\t\t\t\t<div class=\"elementor-element elementor-element-3d98793 elementor-widget elementor-widget-gallery\" data-id=\"3d98793\" data-element_type=\"widget\" data-settings=\"{&quot;lazyload&quot;:&quot;yes&quot;,&quot;gallery_layout&quot;:&quot;grid&quot;,&quot;columns&quot;:4,&quot;columns_tablet&quot;:2,&quot;columns_mobile&quot;:1,&quot;gap&quot;:{&quot;unit&quot;:&quot;px&quot;,&quot;size&quot;:10,&quot;sizes&quot;:[]},&quot;gap_tablet&quot;:{&quot;unit&quot;:&quot;px&quot;,&quot;size&quot;:10,&quot;sizes&quot;:[]},&quot;gap_mobile&quot;:{&quot;unit&quot;:&quot;px&quot;,&quot;size&quot;:10,&quot;sizes&quot;:[]},&quot;link_to&quot;:&quot;file&quot;,&quot;aspect_ratio&quot;:&quot;3:2&quot;,&quot;overlay_background&quot;:&quot;yes&quot;,&quot;content_hover_animation&quot;:&quot;fade-in&quot;}\" data-widget_type=\"gallery.default\">\n\t\t\t\t<div class=\"elementor-widget-container\">\n\t\t\t\t\t\t\t<div class=\"elementor-gallery__container\">\n\t\t\t\t\t\t\t<a class=\"e-gallery-item elementor-gallery-item elementor-animated-content\" href=\"https:\/\/adschool.hu\/wp-content\/uploads\/2023\/03\/dijak-_belso.jpg\" data-elementor-open-lightbox=\"yes\" data-elementor-lightbox-slideshow=\"3d98793\" data-elementor-lightbox-title=\"d\u00edjak _bels\u0151\" data-e-action-hash=\"#elementor-action%3Aaction%3Dlightbox%26settings%3DeyJpZCI6MTE5OSwidXJsIjoiaHR0cHM6XC9cL2Fkc2Nob29sLmh1XC93cC1jb250ZW50XC91cGxvYWRzXC8yMDIzXC8wM1wvZGlqYWstX2JlbHNvLmpwZyIsInNsaWRlc2hvdyI6IjNkOTg3OTMifQ%3D%3D\">\n\t\t\t\t\t<div class=\"e-gallery-image elementor-gallery-item__image\" data-thumbnail=\"https:\/\/adschool.hu\/wp-content\/uploads\/2023\/03\/dijak-_belso-300x200.jpg\" data-width=\"300\" data-height=\"200\" aria-label=\"\" role=\"img\" ><\/div>\n\t\t\t\t\t\t\t\t\t\t\t<div class=\"elementor-gallery-item__overlay\"><\/div>\n\t\t\t\t\t\t\t\t\t\t\t\t\t\t<\/a>\n\t\t\t\t\t\t\t<a class=\"e-gallery-item elementor-gallery-item elementor-animated-content\" href=\"https:\/\/adschool.hu\/wp-content\/uploads\/2023\/03\/IMG_1044.jpg\" data-elementor-open-lightbox=\"yes\" data-elementor-lightbox-slideshow=\"3d98793\" data-elementor-lightbox-title=\"IMG_1044\" data-e-action-hash=\"#elementor-action%3Aaction%3Dlightbox%26settings%3DeyJpZCI6MTE5OCwidXJsIjoiaHR0cHM6XC9cL2Fkc2Nob29sLmh1XC93cC1jb250ZW50XC91cGxvYWRzXC8yMDIzXC8wM1wvSU1HXzEwNDQuanBnIiwic2xpZGVzaG93IjoiM2Q5ODc5MyJ9\">\n\t\t\t\t\t<div class=\"e-gallery-image elementor-gallery-item__image\" data-thumbnail=\"https:\/\/adschool.hu\/wp-content\/uploads\/2023\/03\/IMG_1044-300x253.jpg\" data-width=\"300\" data-height=\"253\" aria-label=\"\" role=\"img\" ><\/div>\n\t\t\t\t\t\t\t\t\t\t\t<div class=\"elementor-gallery-item__overlay\"><\/div>\n\t\t\t\t\t\t\t\t\t\t\t\t\t\t<\/a>\n\t\t\t\t\t\t\t<a class=\"e-gallery-item elementor-gallery-item elementor-animated-content\" href=\"https:\/\/adschool.hu\/wp-content\/uploads\/2023\/03\/diakok-dijai-belso-fo-kep.jpg\" data-elementor-open-lightbox=\"yes\" data-elementor-lightbox-slideshow=\"3d98793\" data-elementor-lightbox-title=\"di\u00e1kok d\u00edjai bels\u0151 f\u0151 k\u00e9p\" data-e-action-hash=\"#elementor-action%3Aaction%3Dlightbox%26settings%3DeyJpZCI6MTE5NywidXJsIjoiaHR0cHM6XC9cL2Fkc2Nob29sLmh1XC93cC1jb250ZW50XC91cGxvYWRzXC8yMDIzXC8wM1wvZGlha29rLWRpamFpLWJlbHNvLWZvLWtlcC5qcGciLCJzbGlkZXNob3ciOiIzZDk4NzkzIn0%3D\">\n\t\t\t\t\t<div class=\"e-gallery-image elementor-gallery-item__image\" data-thumbnail=\"https:\/\/adschool.hu\/wp-content\/uploads\/2023\/03\/diakok-dijai-belso-fo-kep-300x200.jpg\" data-width=\"300\" data-height=\"200\" aria-label=\"\" role=\"img\" ><\/div>\n\t\t\t\t\t\t\t\t\t\t\t<div class=\"elementor-gallery-item__overlay\"><\/div>\n\t\t\t\t\t\t\t\t\t\t\t\t\t\t<\/a>\n\t\t\t\t\t\t\t<a class=\"e-gallery-item elementor-gallery-item elementor-animated-content\" href=\"https:\/\/adschool.hu\/wp-content\/uploads\/2023\/03\/absolut.jpg\" data-elementor-open-lightbox=\"yes\" data-elementor-lightbox-slideshow=\"3d98793\" data-elementor-lightbox-title=\"absolut\" data-e-action-hash=\"#elementor-action%3Aaction%3Dlightbox%26settings%3DeyJpZCI6MTE5NiwidXJsIjoiaHR0cHM6XC9cL2Fkc2Nob29sLmh1XC93cC1jb250ZW50XC91cGxvYWRzXC8yMDIzXC8wM1wvYWJzb2x1dC5qcGciLCJzbGlkZXNob3ciOiIzZDk4NzkzIn0%3D\">\n\t\t\t\t\t<div class=\"e-gallery-image elementor-gallery-item__image\" data-thumbnail=\"https:\/\/adschool.hu\/wp-content\/uploads\/2023\/03\/absolut-300x200.jpg\" data-width=\"300\" data-height=\"200\" aria-label=\"\" role=\"img\" ><\/div>\n\t\t\t\t\t\t\t\t\t\t\t<div class=\"elementor-gallery-item__overlay\"><\/div>\n\t\t\t\t\t\t\t\t\t\t\t\t\t\t<\/a>\n\t\t\t\t\t<\/div>\n\t\t\t\t\t<\/div>\n\t\t\t\t<\/div>\n\t\t\t\t<div class=\"elementor-element elementor-element-cc43a32 elementor-widget elementor-widget-button\" data-id=\"cc43a32\" data-element_type=\"widget\" data-widget_type=\"button.default\">\n\t\t\t\t<div class=\"elementor-widget-container\">\n\t\t\t\t\t\t\t\t\t<div class=\"elementor-button-wrapper\">\n\t\t\t\t\t<a class=\"elementor-button elementor-button-link elementor-size-sm\" href=\"https:\/\/www.behance.net\/BudapestAdschool\" target=\"_blank\" rel=\"noopener\">\n\t\t\t\t\t\t<span class=\"elementor-button-content-wrapper\">\n\t\t\t\t\t\t\t\t\t<span class=\"elementor-button-text\">You can see the winning entries on the school's Behance page.<\/span>\n\t\t\t\t\t<\/span>\n\t\t\t\t\t<\/a>\n\t\t\t\t<\/div>\n\t\t\t\t\t\t\t\t<\/div>\n\t\t\t\t<\/div>\n\t\t\t\t\t<\/div>\n\t\t<\/div>\n\t\t\t\t\t<\/div>\n\t\t<\/section>\n\t\t<div class=\"elementor-element elementor-element-0229cc7 e-flex e-con-boxed e-con e-parent\" data-id=\"0229cc7\" data-element_type=\"container\" data-settings=\"{&quot;jet_parallax_layout_list&quot;:[]}\">\n\t\t\t\t\t<div class=\"e-con-inner\">\n\t\t\t\t<div class=\"elementor-element elementor-element-dd54d71 elementor-widget elementor-widget-text-editor\" data-id=\"dd54d71\" data-element_type=\"widget\" data-widget_type=\"text-editor.default\">\n\t\t\t\t<div class=\"elementor-widget-container\">\n\t\t\t\t\t\t\t\t\t<p>Lorem ipsum dolor sit amet, consectetur adipiscing elit. Ut elit tellus, luctus nec ullamcorper mattis, pulvinar dapibus leo.<\/p>\t\t\t\t\t\t\t\t<\/div>\n\t\t\t\t<\/div>\n\t\t\t\t\t<\/div>\n\t\t\t\t<\/div>\n\t\t\t\t<\/div>","protected":false},"excerpt":{"rendered":"<p>D\u00cdJAK Iskol\u00e1nk di\u00e1kjai 2010 \u00f3ta rengeteg magyarorsz\u00e1gi di\u00e1k kreat\u00edv versenyen el\u0151kel\u0151 helyez\u00e9seket \u00e9rtek el. 2025.&nbsp;Big Agency Tastingen (r\u00e9gebben Portfolio nights) R\u00f6nky \u00c1d\u00e1m sz\u00f6veg\u00edr\u00f3 portf\u00f3li\u00f3j\u00e1val a Medi\u00e1torn\u00e1l \u00e9s az ACG-n\u00e9l, Turi Andr\u00e1s pedig a DDB-n\u00e9l kapta meg a leg\u00edg\u00e9retesebb portfoli\u00f3 d\u00edj\u00e1t. 2016. A Cannes Young Lions el\u0151v\u00e1logat\u00f3n Budav\u00e1ri Bal\u00e1zs Print kateg\u00f3ri\u00e1ban els\u0151 helyet \u00e9rt el, \u00edgy [&hellip;]<\/p>","protected":false},"author":2,"featured_media":0,"parent":0,"menu_order":0,"comment_status":"closed","ping_status":"closed","template":"","meta":{"footnotes":""},"class_list":["post-953","page","type-page","status-publish","hentry"],"_links":{"self":[{"href":"https:\/\/adschool.hu\/en\/wp-json\/wp\/v2\/pages\/953","targetHints":{"allow":["GET"]}}],"collection":[{"href":"https:\/\/adschool.hu\/en\/wp-json\/wp\/v2\/pages"}],"about":[{"href":"https:\/\/adschool.hu\/en\/wp-json\/wp\/v2\/types\/page"}],"author":[{"embeddable":true,"href":"https:\/\/adschool.hu\/en\/wp-json\/wp\/v2\/users\/2"}],"replies":[{"embeddable":true,"href":"https:\/\/adschool.hu\/en\/wp-json\/wp\/v2\/comments?post=953"}],"version-history":[{"count":20,"href":"https:\/\/adschool.hu\/en\/wp-json\/wp\/v2\/pages\/953\/revisions"}],"predecessor-version":[{"id":3817,"href":"https:\/\/adschool.hu\/en\/wp-json\/wp\/v2\/pages\/953\/revisions\/3817"}],"wp:attachment":[{"href":"https:\/\/adschool.hu\/en\/wp-json\/wp\/v2\/media?parent=953"}],"curies":[{"name":"wp","href":"https:\/\/api.w.org\/{rel}","templated":true}]}}